{"id":7102,"date":"2024-09-19T16:30:54","date_gmt":"2024-09-19T13:30:54","guid":{"rendered":"https:\/\/petityu.com\/bunnies-in-town-ici-kurklu-kolay-giyilen-bot-kar-botu-okul-ayakkabisi-2\/"},"modified":"2025-10-15T15:08:26","modified_gmt":"2025-10-15T12:08:26","slug":"bunnies-in-town-ici-kurklu-kolay-giyilen-bot-kar-botu-okul-ayakkabisi-2","status":"publish","type":"product","link":"https:\/\/petityu.com\/en\/bunnies-in-town-ici-kurklu-kolay-giyilen-bot-kar-botu-okul-ayakkabisi-2\/","title":{"rendered":"Bunnies In Town &#8211; I\u00e7i K\u00fcrkl\u00fc Kolay Giyilen Bot &#8211; Kar Botu &#8211; Okul Ayakkabisi"},"content":{"rendered":"<p>Yumu\u015fac\u0131k k\u00fcrkl\u00fc bot 24-25 taban 17 cm ic 16 cm ayak uzunlugu 14-15 cm icin 26-27 taban 19 cm ic 18 cm ayak uzunlugu 16-17 cm icin 28-29 taban 20 cm ic 19 cm ayak uzunlugu 17-18 cm icin 30-31 taban 21 cm ic 20 cm ayak uzunlugu 18-19 cm icin<\/p>","protected":false},"excerpt":{"rendered":"<p>Yumu\u015fac\u0131k k\u00fcrkl\u00fc bot 24-25 taban 17 cm ic 16 cm ayak uzunlugu 14-15 cm icin 26-27 taban 19 cm ic 18 cm ayak uzunlugu 16-17&hellip;<\/p>","protected":false},"featured_media":7096,"template":"","meta":[],"product_brand":[],"product_cat":[15,978,935],"product_tag":[],"class_list":{"0":"post-7102","1":"product","2":"type-product","3":"status-publish","4":"has-post-thumbnail","6":"product_cat-genel","7":"product_cat-bot","8":"product_cat-kizcocuk","10":"first","11":"instock","12":"taxable","13":"shipping-taxable","14":"purchasable","15":"product-type-variable"},"_links":{"self":[{"href":"https:\/\/petityu.com\/en\/wp-json\/wp\/v2\/product\/7102","targetHints":{"allow":["GET"]}}],"collection":[{"href":"https:\/\/petityu.com\/en\/wp-json\/wp\/v2\/product"}],"about":[{"href":"https:\/\/petityu.com\/en\/wp-json\/wp\/v2\/types\/product"}],"wp:featuredmedia":[{"embeddable":true,"href":"https:\/\/petityu.com\/en\/wp-json\/wp\/v2\/media\/7096"}],"wp:attachment":[{"href":"https:\/\/petityu.com\/en\/wp-json\/wp\/v2\/media?parent=7102"}],"wp:term":[{"taxonomy":"product_brand","embeddable":true,"href":"https:\/\/petityu.com\/en\/wp-json\/wp\/v2\/product_brand?post=7102"},{"taxonomy":"product_cat","embeddable":true,"href":"https:\/\/petityu.com\/en\/wp-json\/wp\/v2\/product_cat?post=7102"},{"taxonomy":"product_tag","embeddable":true,"href":"https:\/\/petityu.com\/en\/wp-json\/wp\/v2\/product_tag?post=7102"}],"curies":[{"name":"wp","href":"https:\/\/api.w.org\/{rel}","templated":true}]}}