{"id":7115,"date":"2024-09-19T16:31:47","date_gmt":"2024-09-19T13:31:47","guid":{"rendered":"https:\/\/petityu.com\/kiz-cocuk-kirmizi-beli-kemerli-trenckot-25-35-yas\/"},"modified":"2025-08-29T13:04:37","modified_gmt":"2025-08-29T10:04:37","slug":"kiz-cocuk-kirmizi-beli-kemerli-trenckot-25-35-yas","status":"publish","type":"product","link":"https:\/\/petityu.com\/en\/kiz-cocuk-kirmizi-beli-kemerli-trenckot-25-35-yas\/","title":{"rendered":"K\u0131z \u00c7ocuk Kirmizi Beli Kemerli Tren\u00e7kot 2,5-3,5 Yas"},"content":{"rendered":"<p>koton asiri sirin trenckot<\/p>","protected":false},"excerpt":{"rendered":"<p>koton asiri sirin trenckot<\/p>","protected":false},"featured_media":7114,"template":"","meta":[],"product_brand":[],"product_cat":[15,935,983],"product_tag":[],"class_list":{"0":"post-7115","1":"product","2":"type-product","3":"status-publish","4":"has-post-thumbnail","6":"product_cat-genel","7":"product_cat-kizcocuk","8":"product_cat-mont-puffy-yelek","10":"first","11":"outofstock","12":"taxable","13":"shipping-taxable","14":"purchasable","15":"product-type-variable"},"_links":{"self":[{"href":"https:\/\/petityu.com\/en\/wp-json\/wp\/v2\/product\/7115","targetHints":{"allow":["GET"]}}],"collection":[{"href":"https:\/\/petityu.com\/en\/wp-json\/wp\/v2\/product"}],"about":[{"href":"https:\/\/petityu.com\/en\/wp-json\/wp\/v2\/types\/product"}],"wp:featuredmedia":[{"embeddable":true,"href":"https:\/\/petityu.com\/en\/wp-json\/wp\/v2\/media\/7114"}],"wp:attachment":[{"href":"https:\/\/petityu.com\/en\/wp-json\/wp\/v2\/media?parent=7115"}],"wp:term":[{"taxonomy":"product_brand","embeddable":true,"href":"https:\/\/petityu.com\/en\/wp-json\/wp\/v2\/product_brand?post=7115"},{"taxonomy":"product_cat","embeddable":true,"href":"https:\/\/petityu.com\/en\/wp-json\/wp\/v2\/product_cat?post=7115"},{"taxonomy":"product_tag","embeddable":true,"href":"https:\/\/petityu.com\/en\/wp-json\/wp\/v2\/product_tag?post=7115"}],"curies":[{"name":"wp","href":"https:\/\/api.w.org\/{rel}","templated":true}]}}