{"id":7121,"date":"2024-09-19T16:32:22","date_gmt":"2024-09-19T13:32:22","guid":{"rendered":"https:\/\/petityu.com\/tutu-parlak-yildizli-renkli-kiz-cocuk-sirin-kat-kat-elbise-dogumgunu-elbisesi\/"},"modified":"2026-01-06T14:28:48","modified_gmt":"2026-01-06T11:28:48","slug":"tutu-parlak-yildizli-renkli-kiz-cocuk-sirin-kat-kat-elbise-dogumgunu-elbisesi","status":"publish","type":"product","link":"https:\/\/petityu.com\/en\/tutu-parlak-yildizli-renkli-kiz-cocuk-sirin-kat-kat-elbise-dogumgunu-elbisesi\/","title":{"rendered":"Petityu Tutu Parlak Y\u0131ld\u0131zl\u0131 Renkli K\u0131z \u00c7ocuk \u015eirin Kat Kat Elbise &#8211; Do\u011fumg\u00fcn\u00fc Elbisesi"},"content":{"rendered":"<p><p>Parlak sirin katkat tutu elbise. Dogumgunu elbisesi. Icinde koton astar bulunmaktadir.<\/p><\/p>","protected":false},"excerpt":{"rendered":"<p>Parlak sirin katkat tutu elbise. Dogumgunu elbisesi. Icinde koton astar bulunmaktadir.<\/p>","protected":false},"featured_media":7118,"template":"","meta":[],"product_brand":[],"product_cat":[972,15,935],"product_tag":[],"class_list":{"0":"post-7121","1":"product","2":"type-product","3":"status-publish","4":"has-post-thumbnail","6":"product_cat-elbise","7":"product_cat-genel","8":"product_cat-kizcocuk","10":"first","11":"instock","12":"taxable","13":"shipping-taxable","14":"purchasable","15":"product-type-variable"},"_links":{"self":[{"href":"https:\/\/petityu.com\/en\/wp-json\/wp\/v2\/product\/7121","targetHints":{"allow":["GET"]}}],"collection":[{"href":"https:\/\/petityu.com\/en\/wp-json\/wp\/v2\/product"}],"about":[{"href":"https:\/\/petityu.com\/en\/wp-json\/wp\/v2\/types\/product"}],"wp:featuredmedia":[{"embeddable":true,"href":"https:\/\/petityu.com\/en\/wp-json\/wp\/v2\/media\/7118"}],"wp:attachment":[{"href":"https:\/\/petityu.com\/en\/wp-json\/wp\/v2\/media?parent=7121"}],"wp:term":[{"taxonomy":"product_brand","embeddable":true,"href":"https:\/\/petityu.com\/en\/wp-json\/wp\/v2\/product_brand?post=7121"},{"taxonomy":"product_cat","embeddable":true,"href":"https:\/\/petityu.com\/en\/wp-json\/wp\/v2\/product_cat?post=7121"},{"taxonomy":"product_tag","embeddable":true,"href":"https:\/\/petityu.com\/en\/wp-json\/wp\/v2\/product_tag?post=7121"}],"curies":[{"name":"wp","href":"https:\/\/api.w.org\/{rel}","templated":true}]}}