{"id":7131,"date":"2024-09-19T16:33:02","date_gmt":"2024-09-19T13:33:02","guid":{"rendered":"https:\/\/petityu.com\/upf50-gunes-korumali-cicek-desenli-sirtii-damla-detayli-mayo\/"},"modified":"2026-03-03T13:18:28","modified_gmt":"2026-03-03T10:18:28","slug":"upf50-gunes-korumali-cicek-desenli-sirtii-damla-detayli-mayo","status":"publish","type":"product","link":"https:\/\/petityu.com\/en\/upf50-gunes-korumali-cicek-desenli-sirtii-damla-detayli-mayo\/","title":{"rendered":"Petityu Upf50+ G\u00fcne\u015f Korumal\u0131 \u00c7i\u00e7ek Desenli S\u0131rt\u0131 Damla Detayl\u0131 Mayo"},"content":{"rendered":"<p>Sirti damla detayli Hizli kuruma ozellikli Upf50+ gunes korumali Cool mayo Bej hardal yesil Sapka hediyeli<\/p>","protected":false},"excerpt":{"rendered":"<p>Sirti damla detayli Hizli kuruma ozellikli Upf50+ gunes korumali Cool mayo Bej hardal yesil Sapka hediyeli<\/p>","protected":false},"featured_media":7129,"template":"","meta":[],"product_brand":[],"product_cat":[15,935,974],"product_tag":[],"class_list":{"0":"post-7131","1":"product","2":"type-product","3":"status-publish","4":"has-post-thumbnail","6":"product_cat-genel","7":"product_cat-kizcocuk","8":"product_cat-mayo","10":"first","11":"instock","12":"taxable","13":"shipping-taxable","14":"purchasable","15":"product-type-variable"},"_links":{"self":[{"href":"https:\/\/petityu.com\/en\/wp-json\/wp\/v2\/product\/7131","targetHints":{"allow":["GET"]}}],"collection":[{"href":"https:\/\/petityu.com\/en\/wp-json\/wp\/v2\/product"}],"about":[{"href":"https:\/\/petityu.com\/en\/wp-json\/wp\/v2\/types\/product"}],"wp:featuredmedia":[{"embeddable":true,"href":"https:\/\/petityu.com\/en\/wp-json\/wp\/v2\/media\/7129"}],"wp:attachment":[{"href":"https:\/\/petityu.com\/en\/wp-json\/wp\/v2\/media?parent=7131"}],"wp:term":[{"taxonomy":"product_brand","embeddable":true,"href":"https:\/\/petityu.com\/en\/wp-json\/wp\/v2\/product_brand?post=7131"},{"taxonomy":"product_cat","embeddable":true,"href":"https:\/\/petityu.com\/en\/wp-json\/wp\/v2\/product_cat?post=7131"},{"taxonomy":"product_tag","embeddable":true,"href":"https:\/\/petityu.com\/en\/wp-json\/wp\/v2\/product_tag?post=7131"}],"curies":[{"name":"wp","href":"https:\/\/api.w.org\/{rel}","templated":true}]}}