{"id":7147,"date":"2024-09-19T16:33:55","date_gmt":"2024-09-19T13:33:55","guid":{"rendered":"https:\/\/petityu.com\/dogumgunu-elbisesi-askili-somonumsu-pembe-kelebek-kanat-sirt-detayli\/"},"modified":"2025-11-18T12:12:43","modified_gmt":"2025-11-18T09:12:43","slug":"dogumgunu-elbisesi-askili-somonumsu-pembe-kelebek-kanat-sirt-detayli","status":"publish","type":"product","link":"https:\/\/petityu.com\/en\/dogumgunu-elbisesi-askili-somonumsu-pembe-kelebek-kanat-sirt-detayli\/","title":{"rendered":"Petityu Do\u011fumg\u00fcn\u00fc Elbisesi Ask\u0131l\u0131 Somonumsu Pembe Kelebek Kanat S\u0131rt Detayl\u0131"},"content":{"rendered":"<p><p>s\u0131rt\u0131nda kelebek kanat detayl\u0131 ask\u0131l\u0131 esnek Gogus cevresi rahat t\u00fcl i\u00e7i koton astarl\u0131<\/p><\/p>","protected":false},"excerpt":{"rendered":"<p>s\u0131rt\u0131nda kelebek kanat detayl\u0131 ask\u0131l\u0131 esnek Gogus cevresi rahat t\u00fcl i\u00e7i koton astarl\u0131<\/p>","protected":false},"featured_media":7146,"template":"","meta":[],"product_brand":[],"product_cat":[15,972,935],"product_tag":[],"class_list":{"0":"post-7147","1":"product","2":"type-product","3":"status-publish","4":"has-post-thumbnail","6":"product_cat-genel","7":"product_cat-elbise","8":"product_cat-kizcocuk","10":"first","11":"instock","12":"taxable","13":"shipping-taxable","14":"purchasable","15":"product-type-variable"},"_links":{"self":[{"href":"https:\/\/petityu.com\/en\/wp-json\/wp\/v2\/product\/7147","targetHints":{"allow":["GET"]}}],"collection":[{"href":"https:\/\/petityu.com\/en\/wp-json\/wp\/v2\/product"}],"about":[{"href":"https:\/\/petityu.com\/en\/wp-json\/wp\/v2\/types\/product"}],"wp:featuredmedia":[{"embeddable":true,"href":"https:\/\/petityu.com\/en\/wp-json\/wp\/v2\/media\/7146"}],"wp:attachment":[{"href":"https:\/\/petityu.com\/en\/wp-json\/wp\/v2\/media?parent=7147"}],"wp:term":[{"taxonomy":"product_brand","embeddable":true,"href":"https:\/\/petityu.com\/en\/wp-json\/wp\/v2\/product_brand?post=7147"},{"taxonomy":"product_cat","embeddable":true,"href":"https:\/\/petityu.com\/en\/wp-json\/wp\/v2\/product_cat?post=7147"},{"taxonomy":"product_tag","embeddable":true,"href":"https:\/\/petityu.com\/en\/wp-json\/wp\/v2\/product_tag?post=7147"}],"curies":[{"name":"wp","href":"https:\/\/api.w.org\/{rel}","templated":true}]}}