{"id":7154,"date":"2024-09-19T16:34:17","date_gmt":"2024-09-19T13:34:17","guid":{"rendered":"https:\/\/petityu.com\/pelerin-kiz-cocuk-parlak-yanardonerli-sirin\/"},"modified":"2026-04-07T15:33:19","modified_gmt":"2026-04-07T12:33:19","slug":"pelerin-kiz-cocuk-parlak-yanardonerli-sirin","status":"publish","type":"product","link":"https:\/\/petityu.com\/en\/pelerin-kiz-cocuk-parlak-yanardonerli-sirin\/","title":{"rendered":"Pelerin K\u0131z \u00c7ocuk Parlak yanard\u00f6nerli \u015eirin"},"content":{"rendered":"<p>1-2 yas 55 cm 2-4 yas 60 cm 4-6 yas 68 cm 6-12 yas 75 cm<\/p>","protected":false},"excerpt":{"rendered":"<p>1-2 yas 55 cm 2-4 yas 60 cm 4-6 yas 68 cm 6-12 yas 75 cm<\/p>","protected":false},"featured_media":7153,"template":"","meta":[],"product_brand":[],"product_cat":[15,972,935],"product_tag":[],"class_list":{"0":"post-7154","1":"product","2":"type-product","3":"status-publish","4":"has-post-thumbnail","6":"product_cat-genel","7":"product_cat-elbise","8":"product_cat-kizcocuk","10":"first","11":"outofstock","12":"sale","13":"taxable","14":"shipping-taxable","15":"purchasable","16":"product-type-variable"},"_links":{"self":[{"href":"https:\/\/petityu.com\/en\/wp-json\/wp\/v2\/product\/7154","targetHints":{"allow":["GET"]}}],"collection":[{"href":"https:\/\/petityu.com\/en\/wp-json\/wp\/v2\/product"}],"about":[{"href":"https:\/\/petityu.com\/en\/wp-json\/wp\/v2\/types\/product"}],"wp:featuredmedia":[{"embeddable":true,"href":"https:\/\/petityu.com\/en\/wp-json\/wp\/v2\/media\/7153"}],"wp:attachment":[{"href":"https:\/\/petityu.com\/en\/wp-json\/wp\/v2\/media?parent=7154"}],"wp:term":[{"taxonomy":"product_brand","embeddable":true,"href":"https:\/\/petityu.com\/en\/wp-json\/wp\/v2\/product_brand?post=7154"},{"taxonomy":"product_cat","embeddable":true,"href":"https:\/\/petityu.com\/en\/wp-json\/wp\/v2\/product_cat?post=7154"},{"taxonomy":"product_tag","embeddable":true,"href":"https:\/\/petityu.com\/en\/wp-json\/wp\/v2\/product_tag?post=7154"}],"curies":[{"name":"wp","href":"https:\/\/api.w.org\/{rel}","templated":true}]}}