{"id":7160,"date":"2024-09-19T16:34:45","date_gmt":"2024-09-19T13:34:45","guid":{"rendered":"https:\/\/petityu.com\/seffaf-cool-kiz-cocuk-yagmurluk\/"},"modified":"2025-12-08T21:30:30","modified_gmt":"2025-12-08T18:30:30","slug":"seffaf-cool-kiz-cocuk-yagmurluk","status":"publish","type":"product","link":"https:\/\/petityu.com\/en\/seffaf-cool-kiz-cocuk-yagmurluk\/","title":{"rendered":"Petityu \u015eeffaf Cool K\u0131z \u00c7ocuk Ya\u011fmurluk"},"content":{"rendered":"<p><p>\u015eeffaf ya\u011fmurluk siyah biyeli \u00e7ok cool ve \u015firin Mont \u00fcst\u00fc kullan\u0131ma uygun<\/p><\/p>","protected":false},"excerpt":{"rendered":"<p>\u015eeffaf ya\u011fmurluk siyah biyeli \u00e7ok cool ve \u015firin Mont \u00fcst\u00fc kullan\u0131ma uygun<\/p>","protected":false},"featured_media":7157,"template":"","meta":[],"product_brand":[],"product_cat":[15,935,973],"product_tag":[],"class_list":{"0":"post-7160","1":"product","2":"type-product","3":"status-publish","4":"has-post-thumbnail","6":"product_cat-genel","7":"product_cat-kizcocuk","8":"product_cat-yagmurluk-tulum-yagmur-pantalonu","10":"first","11":"instock","12":"taxable","13":"shipping-taxable","14":"purchasable","15":"product-type-variable"},"_links":{"self":[{"href":"https:\/\/petityu.com\/en\/wp-json\/wp\/v2\/product\/7160","targetHints":{"allow":["GET"]}}],"collection":[{"href":"https:\/\/petityu.com\/en\/wp-json\/wp\/v2\/product"}],"about":[{"href":"https:\/\/petityu.com\/en\/wp-json\/wp\/v2\/types\/product"}],"wp:featuredmedia":[{"embeddable":true,"href":"https:\/\/petityu.com\/en\/wp-json\/wp\/v2\/media\/7157"}],"wp:attachment":[{"href":"https:\/\/petityu.com\/en\/wp-json\/wp\/v2\/media?parent=7160"}],"wp:term":[{"taxonomy":"product_brand","embeddable":true,"href":"https:\/\/petityu.com\/en\/wp-json\/wp\/v2\/product_brand?post=7160"},{"taxonomy":"product_cat","embeddable":true,"href":"https:\/\/petityu.com\/en\/wp-json\/wp\/v2\/product_cat?post=7160"},{"taxonomy":"product_tag","embeddable":true,"href":"https:\/\/petityu.com\/en\/wp-json\/wp\/v2\/product_tag?post=7160"}],"curies":[{"name":"wp","href":"https:\/\/api.w.org\/{rel}","templated":true}]}}