{"id":7173,"date":"2024-09-19T16:35:38","date_gmt":"2024-09-19T13:35:38","guid":{"rendered":"https:\/\/petityu.com\/kirmizi-triko-elbisesi\/"},"modified":"2026-04-07T15:53:08","modified_gmt":"2026-04-07T12:53:08","slug":"kirmizi-triko-elbisesi","status":"publish","type":"product","link":"https:\/\/petityu.com\/en\/kirmizi-triko-elbisesi\/","title":{"rendered":"Petityu K\u0131rm\u0131z\u0131 Triko Elbisesi"},"content":{"rendered":"<p><p>K\u0131z \u00e7ocuk k\u0131rm\u0131z\u0131 triko elbise<\/p><p>merasim elbisesi<\/p><p>tutulu k\u0131rm\u0131z\u0131 elbise<\/p><\/p>","protected":false},"excerpt":{"rendered":"<p>K\u0131z \u00e7ocuk k\u0131rm\u0131z\u0131 triko elbisemerasim elbisesitutulu k\u0131rm\u0131z\u0131 elbise<\/p>","protected":false},"featured_media":7170,"template":"","meta":[],"product_brand":[],"product_cat":[972,15,935],"product_tag":[],"class_list":{"0":"post-7173","1":"product","2":"type-product","3":"status-publish","4":"has-post-thumbnail","6":"product_cat-elbise","7":"product_cat-genel","8":"product_cat-kizcocuk","10":"first","11":"instock","12":"taxable","13":"shipping-taxable","14":"purchasable","15":"product-type-variable"},"_links":{"self":[{"href":"https:\/\/petityu.com\/en\/wp-json\/wp\/v2\/product\/7173","targetHints":{"allow":["GET"]}}],"collection":[{"href":"https:\/\/petityu.com\/en\/wp-json\/wp\/v2\/product"}],"about":[{"href":"https:\/\/petityu.com\/en\/wp-json\/wp\/v2\/types\/product"}],"wp:featuredmedia":[{"embeddable":true,"href":"https:\/\/petityu.com\/en\/wp-json\/wp\/v2\/media\/7170"}],"wp:attachment":[{"href":"https:\/\/petityu.com\/en\/wp-json\/wp\/v2\/media?parent=7173"}],"wp:term":[{"taxonomy":"product_brand","embeddable":true,"href":"https:\/\/petityu.com\/en\/wp-json\/wp\/v2\/product_brand?post=7173"},{"taxonomy":"product_cat","embeddable":true,"href":"https:\/\/petityu.com\/en\/wp-json\/wp\/v2\/product_cat?post=7173"},{"taxonomy":"product_tag","embeddable":true,"href":"https:\/\/petityu.com\/en\/wp-json\/wp\/v2\/product_tag?post=7173"}],"curies":[{"name":"wp","href":"https:\/\/api.w.org\/{rel}","templated":true}]}}