{"id":7184,"date":"2024-09-19T16:36:26","date_gmt":"2024-09-19T13:36:26","guid":{"rendered":"https:\/\/petityu.com\/tutu-parlak-beyaz-kiz-cocuk-sirin-kat-kat-elbise-yildizli-dogum-gunu-elbisesi\/"},"modified":"2026-01-06T14:32:55","modified_gmt":"2026-01-06T11:32:55","slug":"tutu-parlak-beyaz-kiz-cocuk-sirin-kat-kat-elbise-yildizli-dogum-gunu-elbisesi","status":"publish","type":"product","link":"https:\/\/petityu.com\/en\/tutu-parlak-beyaz-kiz-cocuk-sirin-kat-kat-elbise-yildizli-dogum-gunu-elbisesi\/","title":{"rendered":"Petityu Tutu Parlak Beyaz K\u0131z \u00c7ocuk \u015eirin Kat Kat Elbise Y\u0131ld\u0131zl\u0131 Do\u011fum G\u00fcn\u00fc Elbisesi"},"content":{"rendered":"<p><p>Parlak beyaz renk se\u00e7ene\u011fiyle dikkat \u00e7eken bu elbise, \u00e7ocuklar\u0131n \u00f6zel g\u00fcnlerinde g\u00f6z al\u0131c\u0131 bir g\u00f6r\u00fcn\u00fcm sunar.; Kat kat tasar\u0131m\u0131 ile hareket \u00f6zg\u00fcrl\u00fc\u011f\u00fcn\u00fc k\u0131s\u0131tlamaz, \u00e7ocuklar\u0131n enerjik danslar\u0131n\u0131 destekler.; Y\u0131ld\u0131z detaylar\u0131yla s\u00fcslenmi\u015f \u00fcst k\u0131sm\u0131, do\u011fum g\u00fcn\u00fc partileri veya mezuniyet t\u00f6renleri gibi \u00f6zel etkinliklerde \u015f\u0131k bir dokunu\u015f katmak isteyenler i\u00e7in idealdir.; \u00c7ocuklara uygun olarak tasarlanm\u0131\u015f bu elbise, rahatl\u0131k ve \u015f\u0131kl\u0131\u011f\u0131 bir arada sunarak minik prenseslerin g\u00fcn boyu konforunu sa\u011flar.; \u00c7ocuklar\u0131n b\u00fcy\u00fcl\u00fc anlar\u0131n\u0131 daha da unutulmaz k\u0131lmak i\u00e7in tasarlanm\u0131\u015f bu elbise, \u00e7ocuklar\u0131n mutlulu\u011funa e\u015flik edecek \u015fekilde \u00fcretilmi\u015ftir.;<\/p><\/p>","protected":false},"excerpt":{"rendered":"<p>Parlak beyaz renk se\u00e7ene\u011fiyle dikkat \u00e7eken bu elbise, \u00e7ocuklar\u0131n \u00f6zel g\u00fcnlerinde g\u00f6z al\u0131c\u0131 bir g\u00f6r\u00fcn\u00fcm sunar.; Kat kat tasar\u0131m\u0131 ile hareket \u00f6zg\u00fcrl\u00fc\u011f\u00fcn\u00fc k\u0131s\u0131tlamaz, \u00e7ocuklar\u0131n enerjik&hellip;<\/p>","protected":false},"featured_media":7182,"template":"","meta":[],"product_brand":[],"product_cat":[972,15,935],"product_tag":[],"class_list":{"0":"post-7184","1":"product","2":"type-product","3":"status-publish","4":"has-post-thumbnail","6":"product_cat-elbise","7":"product_cat-genel","8":"product_cat-kizcocuk","10":"first","11":"instock","12":"taxable","13":"shipping-taxable","14":"purchasable","15":"product-type-variable"},"_links":{"self":[{"href":"https:\/\/petityu.com\/en\/wp-json\/wp\/v2\/product\/7184","targetHints":{"allow":["GET"]}}],"collection":[{"href":"https:\/\/petityu.com\/en\/wp-json\/wp\/v2\/product"}],"about":[{"href":"https:\/\/petityu.com\/en\/wp-json\/wp\/v2\/types\/product"}],"wp:featuredmedia":[{"embeddable":true,"href":"https:\/\/petityu.com\/en\/wp-json\/wp\/v2\/media\/7182"}],"wp:attachment":[{"href":"https:\/\/petityu.com\/en\/wp-json\/wp\/v2\/media?parent=7184"}],"wp:term":[{"taxonomy":"product_brand","embeddable":true,"href":"https:\/\/petityu.com\/en\/wp-json\/wp\/v2\/product_brand?post=7184"},{"taxonomy":"product_cat","embeddable":true,"href":"https:\/\/petityu.com\/en\/wp-json\/wp\/v2\/product_cat?post=7184"},{"taxonomy":"product_tag","embeddable":true,"href":"https:\/\/petityu.com\/en\/wp-json\/wp\/v2\/product_tag?post=7184"}],"curies":[{"name":"wp","href":"https:\/\/api.w.org\/{rel}","templated":true}]}}