{"id":7191,"date":"2024-09-19T16:36:55","date_gmt":"2024-09-19T13:36:55","guid":{"rendered":"https:\/\/petityu.com\/tutu-fiyonklu-seker-pembe-dogumgunu-elbisesi\/"},"modified":"2026-01-06T14:34:25","modified_gmt":"2026-01-06T11:34:25","slug":"tutu-fiyonklu-seker-pembe-dogumgunu-elbisesi","status":"publish","type":"product","link":"https:\/\/petityu.com\/en\/tutu-fiyonklu-seker-pembe-dogumgunu-elbisesi\/","title":{"rendered":"Petityu Tutu Fiyonklu Seker Pembe Dogumgunu Elbisesi"},"content":{"rendered":"<p><p>\u00c7ocuklar\u0131n \u00f6zel g\u00fcnlerinde \u015f\u0131kl\u0131\u011f\u0131n\u0131 tamamlayacak seker pembe renkli elbise.; Dokuma kuma\u015f yap\u0131s\u0131 ile konforlu bir kullan\u0131m sunar ve \u00e7ocuklar\u0131n hareket \u00f6zg\u00fcrl\u00fc\u011f\u00fcn\u00fc k\u0131s\u0131tlamaz.; Mini boyu ile modern ve \u015f\u0131k bir g\u00f6r\u00fcn\u00fcm sa\u011flar, k\u00fc\u00e7\u00fck prensesleri seker pembe rengiyle s\u00fcsler.; T\u00fcm ya\u015f gruplar\u0131na uygun olarak tasarlanm\u0131\u015ft\u0131r; her ya\u015fta \u00e7ocuk i\u00e7in idealdir.; D\u00fcz deseni sayesinde basit ama etkili bir tarz sunarak, do\u011fum g\u00fcn\u00fc partilerinde g\u00f6z al\u0131c\u0131 bir se\u00e7imdir.; Regular kal\u0131p ile rahat bir oturu\u015fa sahiptir, \u00e7ocu\u011funuzun v\u00fccut hatlar\u0131n\u0131 sarmadan \u00f6zg\u00fcrce hareket etmesine olanak tan\u0131r.;<\/p><\/p>","protected":false},"excerpt":{"rendered":"<p>\u00c7ocuklar\u0131n \u00f6zel g\u00fcnlerinde \u015f\u0131kl\u0131\u011f\u0131n\u0131 tamamlayacak seker pembe renkli elbise.; Dokuma kuma\u015f yap\u0131s\u0131 ile konforlu bir kullan\u0131m sunar ve \u00e7ocuklar\u0131n hareket \u00f6zg\u00fcrl\u00fc\u011f\u00fcn\u00fc k\u0131s\u0131tlamaz.; Mini boyu ile&hellip;<\/p>","protected":false},"featured_media":7188,"template":"","meta":[],"product_brand":[],"product_cat":[15,972,935],"product_tag":[],"class_list":{"0":"post-7191","1":"product","2":"type-product","3":"status-publish","4":"has-post-thumbnail","6":"product_cat-genel","7":"product_cat-elbise","8":"product_cat-kizcocuk","10":"first","11":"instock","12":"taxable","13":"shipping-taxable","14":"purchasable","15":"product-type-variable"},"_links":{"self":[{"href":"https:\/\/petityu.com\/en\/wp-json\/wp\/v2\/product\/7191","targetHints":{"allow":["GET"]}}],"collection":[{"href":"https:\/\/petityu.com\/en\/wp-json\/wp\/v2\/product"}],"about":[{"href":"https:\/\/petityu.com\/en\/wp-json\/wp\/v2\/types\/product"}],"wp:featuredmedia":[{"embeddable":true,"href":"https:\/\/petityu.com\/en\/wp-json\/wp\/v2\/media\/7188"}],"wp:attachment":[{"href":"https:\/\/petityu.com\/en\/wp-json\/wp\/v2\/media?parent=7191"}],"wp:term":[{"taxonomy":"product_brand","embeddable":true,"href":"https:\/\/petityu.com\/en\/wp-json\/wp\/v2\/product_brand?post=7191"},{"taxonomy":"product_cat","embeddable":true,"href":"https:\/\/petityu.com\/en\/wp-json\/wp\/v2\/product_cat?post=7191"},{"taxonomy":"product_tag","embeddable":true,"href":"https:\/\/petityu.com\/en\/wp-json\/wp\/v2\/product_tag?post=7191"}],"curies":[{"name":"wp","href":"https:\/\/api.w.org\/{rel}","templated":true}]}}