{"id":7204,"date":"2024-09-19T16:37:47","date_gmt":"2024-09-19T13:37:47","guid":{"rendered":"https:\/\/petityu.com\/polar-icli-sugecirmez-unicorn-mont-unicorn-polar-mont\/"},"modified":"2026-04-19T11:44:22","modified_gmt":"2026-04-19T08:44:22","slug":"polar-icli-sugecirmez-unicorn-mont-unicorn-polar-mont","status":"publish","type":"product","link":"https:\/\/petityu.com\/en\/polar-icli-sugecirmez-unicorn-mont-unicorn-polar-mont\/","title":{"rendered":"Petityu Polar \u0130\u00e7li Su Ge\u00e7irmez Unicorn Mont &#8211; Unicorn Polar Mont"},"content":{"rendered":"<p>3-4 ve 4-5 yas 110 cm&#039;e kadardir. Ici polar su gecirmez mont.<\/p>","protected":false},"excerpt":{"rendered":"<p>3-4 ve 4-5 yas 110 cm&#039;e kadardir. Ici polar su gecirmez mont.<\/p>","protected":false},"featured_media":7201,"template":"","meta":[],"product_brand":[],"product_cat":[15,935,983],"product_tag":[],"class_list":{"0":"post-7204","1":"product","2":"type-product","3":"status-publish","4":"has-post-thumbnail","6":"product_cat-genel","7":"product_cat-kizcocuk","8":"product_cat-mont-puffy-yelek","10":"first","11":"instock","12":"taxable","13":"shipping-taxable","14":"purchasable","15":"product-type-variable"},"_links":{"self":[{"href":"https:\/\/petityu.com\/en\/wp-json\/wp\/v2\/product\/7204","targetHints":{"allow":["GET"]}}],"collection":[{"href":"https:\/\/petityu.com\/en\/wp-json\/wp\/v2\/product"}],"about":[{"href":"https:\/\/petityu.com\/en\/wp-json\/wp\/v2\/types\/product"}],"wp:featuredmedia":[{"embeddable":true,"href":"https:\/\/petityu.com\/en\/wp-json\/wp\/v2\/media\/7201"}],"wp:attachment":[{"href":"https:\/\/petityu.com\/en\/wp-json\/wp\/v2\/media?parent=7204"}],"wp:term":[{"taxonomy":"product_brand","embeddable":true,"href":"https:\/\/petityu.com\/en\/wp-json\/wp\/v2\/product_brand?post=7204"},{"taxonomy":"product_cat","embeddable":true,"href":"https:\/\/petityu.com\/en\/wp-json\/wp\/v2\/product_cat?post=7204"},{"taxonomy":"product_tag","embeddable":true,"href":"https:\/\/petityu.com\/en\/wp-json\/wp\/v2\/product_tag?post=7204"}],"curies":[{"name":"wp","href":"https:\/\/api.w.org\/{rel}","templated":true}]}}