{"id":7214,"date":"2024-09-19T16:38:23","date_gmt":"2024-09-19T13:38:23","guid":{"rendered":"https:\/\/petityu.com\/erkek-cocuk-mayo-upf50-gunes-korumali-penguen-desenli-sapka-mayo-set\/"},"modified":"2026-04-28T16:12:38","modified_gmt":"2026-04-28T13:12:38","slug":"erkek-cocuk-mayo-upf50-gunes-korumali-penguen-desenli-sapka-mayo-set","status":"publish","type":"product","link":"https:\/\/petityu.com\/en\/erkek-cocuk-mayo-upf50-gunes-korumali-penguen-desenli-sapka-mayo-set\/","title":{"rendered":"erkek \u00e7ocuk mayo upf50+ g\u00fcne\u015f korumal\u0131 penguen  desenli \u015fapka mayo set"},"content":{"rendered":"<p><p>Penguen deseniyle tasarlanm\u0131\u015f e\u011flenceli ve sevimli g\u00f6r\u00fcn\u00fcm\u00fcyle plajda dikkat \u00e7eken bir stil sunuyor.; D\u00fcz kesimiyle rahat bir kullan\u0131m sa\u011flayan, hareket \u00f6zg\u00fcrl\u00fc\u011f\u00fc kazand\u0131ran mayo seti.; \u00d6rme kuma\u015f\u0131 sayesinde esneklik ve konfor sunarak \u00e7ocuklar\u0131n rahat etmesini sa\u011flar.;<\/p><\/p>","protected":false},"excerpt":{"rendered":"<p>Penguen deseniyle tasarlanm\u0131\u015f e\u011flenceli ve sevimli g\u00f6r\u00fcn\u00fcm\u00fcyle plajda dikkat \u00e7eken bir stil sunuyor.; D\u00fcz kesimiyle rahat bir kullan\u0131m sa\u011flayan, hareket \u00f6zg\u00fcrl\u00fc\u011f\u00fc kazand\u0131ran mayo seti.; \u00d6rme&hellip;<\/p>","protected":false},"featured_media":7213,"template":"","meta":[],"product_brand":[],"product_cat":[15,936,987],"product_tag":[],"class_list":{"0":"post-7214","1":"product","2":"type-product","3":"status-publish","4":"has-post-thumbnail","6":"product_cat-genel","7":"product_cat-erkekcocuk","8":"product_cat-mayo-erkekcocuk","10":"first","11":"instock","12":"taxable","13":"shipping-taxable","14":"purchasable","15":"product-type-variable"},"_links":{"self":[{"href":"https:\/\/petityu.com\/en\/wp-json\/wp\/v2\/product\/7214","targetHints":{"allow":["GET"]}}],"collection":[{"href":"https:\/\/petityu.com\/en\/wp-json\/wp\/v2\/product"}],"about":[{"href":"https:\/\/petityu.com\/en\/wp-json\/wp\/v2\/types\/product"}],"wp:featuredmedia":[{"embeddable":true,"href":"https:\/\/petityu.com\/en\/wp-json\/wp\/v2\/media\/7213"}],"wp:attachment":[{"href":"https:\/\/petityu.com\/en\/wp-json\/wp\/v2\/media?parent=7214"}],"wp:term":[{"taxonomy":"product_brand","embeddable":true,"href":"https:\/\/petityu.com\/en\/wp-json\/wp\/v2\/product_brand?post=7214"},{"taxonomy":"product_cat","embeddable":true,"href":"https:\/\/petityu.com\/en\/wp-json\/wp\/v2\/product_cat?post=7214"},{"taxonomy":"product_tag","embeddable":true,"href":"https:\/\/petityu.com\/en\/wp-json\/wp\/v2\/product_tag?post=7214"}],"curies":[{"name":"wp","href":"https:\/\/api.w.org\/{rel}","templated":true}]}}