{"id":7220,"date":"2024-09-19T16:38:44","date_gmt":"2024-09-19T13:38:44","guid":{"rendered":"https:\/\/petityu.com\/asiri-sirin-eldiven\/"},"modified":"2026-02-24T16:18:16","modified_gmt":"2026-02-24T13:18:16","slug":"asiri-sirin-eldiven","status":"publish","type":"product","link":"https:\/\/petityu.com\/en\/asiri-sirin-eldiven\/","title":{"rendered":"A\u015f\u0131r\u0131 \u015eirin Pembe \u00d6rme Eldiven"},"content":{"rendered":"<p><p>parmak u\u00e7lar\u0131 a\u00e7\u0131k- kapat\u0131labilir a\u015f\u0131r\u0131 \u015firin k\u0131z \u00e7ocuk eldiven yumu\u015fac\u0131k s\u0131cac\u0131k eldiven<\/p><\/p>","protected":false},"excerpt":{"rendered":"<p>parmak u\u00e7lar\u0131 a\u00e7\u0131k- kapat\u0131labilir a\u015f\u0131r\u0131 \u015firin k\u0131z \u00e7ocuk eldiven yumu\u015fac\u0131k s\u0131cac\u0131k eldiven<\/p>","protected":false},"featured_media":7219,"template":"","meta":[],"product_brand":[],"product_cat":[981,15,935],"product_tag":[],"class_list":{"0":"post-7220","1":"product","2":"type-product","3":"status-publish","4":"has-post-thumbnail","6":"product_cat-bere-atki-eldiven","7":"product_cat-genel","8":"product_cat-kizcocuk","10":"first","11":"instock","12":"taxable","13":"shipping-taxable","14":"purchasable","15":"product-type-variable"},"_links":{"self":[{"href":"https:\/\/petityu.com\/en\/wp-json\/wp\/v2\/product\/7220","targetHints":{"allow":["GET"]}}],"collection":[{"href":"https:\/\/petityu.com\/en\/wp-json\/wp\/v2\/product"}],"about":[{"href":"https:\/\/petityu.com\/en\/wp-json\/wp\/v2\/types\/product"}],"wp:featuredmedia":[{"embeddable":true,"href":"https:\/\/petityu.com\/en\/wp-json\/wp\/v2\/media\/7219"}],"wp:attachment":[{"href":"https:\/\/petityu.com\/en\/wp-json\/wp\/v2\/media?parent=7220"}],"wp:term":[{"taxonomy":"product_brand","embeddable":true,"href":"https:\/\/petityu.com\/en\/wp-json\/wp\/v2\/product_brand?post=7220"},{"taxonomy":"product_cat","embeddable":true,"href":"https:\/\/petityu.com\/en\/wp-json\/wp\/v2\/product_cat?post=7220"},{"taxonomy":"product_tag","embeddable":true,"href":"https:\/\/petityu.com\/en\/wp-json\/wp\/v2\/product_tag?post=7220"}],"curies":[{"name":"wp","href":"https:\/\/api.w.org\/{rel}","templated":true}]}}