{"id":7236,"date":"2024-09-19T16:39:47","date_gmt":"2024-09-19T13:39:47","guid":{"rendered":"https:\/\/petityu.com\/parlak-puffy-teddy-kulakli-pufudik-sisme-yelek-pufudik-mint-kiz-cocuk-yelek\/"},"modified":"2026-03-13T13:48:24","modified_gmt":"2026-03-13T10:48:24","slug":"parlak-puffy-teddy-kulakli-pufudik-sisme-yelek-pufudik-mint-kiz-cocuk-yelek","status":"publish","type":"product","link":"https:\/\/petityu.com\/en\/parlak-puffy-teddy-kulakli-pufudik-sisme-yelek-pufudik-mint-kiz-cocuk-yelek\/","title":{"rendered":"Petityu Parlak Puffy Teddy Kulakl\u0131 Pufudik \u015ei\u015fme Yelek Pufudik Mint K\u0131z \u00c7ocuk Yelek"},"content":{"rendered":"<p><p>yelek a\u015f\u0131r\u0131 \u015firin yanard\u00f6ner kuma\u015fl\u0131 ay\u0131c\u0131k kulakl\u0131 \u015firin yelek pufudik yelek Petityu parlak puffy teddy kulakl\u0131 pufudik \u015fi\u015fme yelek pufudik mint k\u0131z \u00e7ocuk yelek<\/p><\/p>","protected":false},"excerpt":{"rendered":"<p>yelek a\u015f\u0131r\u0131 \u015firin yanard\u00f6ner kuma\u015fl\u0131 ay\u0131c\u0131k kulakl\u0131 \u015firin yelek pufudik yelek Petityu parlak puffy teddy kulakl\u0131 pufudik \u015fi\u015fme yelek pufudik mint k\u0131z \u00e7ocuk yelek<\/p>","protected":false},"featured_media":7234,"template":"","meta":[],"product_brand":[],"product_cat":[15,935,983],"product_tag":[],"class_list":{"0":"post-7236","1":"product","2":"type-product","3":"status-publish","4":"has-post-thumbnail","6":"product_cat-genel","7":"product_cat-kizcocuk","8":"product_cat-mont-puffy-yelek","10":"first","11":"instock","12":"taxable","13":"shipping-taxable","14":"purchasable","15":"product-type-variable"},"_links":{"self":[{"href":"https:\/\/petityu.com\/en\/wp-json\/wp\/v2\/product\/7236","targetHints":{"allow":["GET"]}}],"collection":[{"href":"https:\/\/petityu.com\/en\/wp-json\/wp\/v2\/product"}],"about":[{"href":"https:\/\/petityu.com\/en\/wp-json\/wp\/v2\/types\/product"}],"wp:featuredmedia":[{"embeddable":true,"href":"https:\/\/petityu.com\/en\/wp-json\/wp\/v2\/media\/7234"}],"wp:attachment":[{"href":"https:\/\/petityu.com\/en\/wp-json\/wp\/v2\/media?parent=7236"}],"wp:term":[{"taxonomy":"product_brand","embeddable":true,"href":"https:\/\/petityu.com\/en\/wp-json\/wp\/v2\/product_brand?post=7236"},{"taxonomy":"product_cat","embeddable":true,"href":"https:\/\/petityu.com\/en\/wp-json\/wp\/v2\/product_cat?post=7236"},{"taxonomy":"product_tag","embeddable":true,"href":"https:\/\/petityu.com\/en\/wp-json\/wp\/v2\/product_tag?post=7236"}],"curies":[{"name":"wp","href":"https:\/\/api.w.org\/{rel}","templated":true}]}}