{"id":7261,"date":"2024-09-19T16:41:49","date_gmt":"2024-09-19T13:41:49","guid":{"rendered":"https:\/\/petityu.com\/sirin-pembe-hello-kitty-sanrio-profesyonel-kayak-snowboard-kar-eldiveni\/"},"modified":"2026-02-24T16:12:13","modified_gmt":"2026-02-24T13:12:13","slug":"sirin-pembe-hello-kitty-sanrio-profesyonel-kayak-snowboard-kar-eldiveni","status":"publish","type":"product","link":"https:\/\/petityu.com\/en\/sirin-pembe-hello-kitty-sanrio-profesyonel-kayak-snowboard-kar-eldiveni\/","title":{"rendered":"\u015eirin Pembe Hello Kitty Sanrio Profesyonel Kayak Snowboard Kar Eldiveni"},"content":{"rendered":"<p><p>\u0130\u00e7i k\u00fcrkl\u00fc, avu\u00e7 i\u00e7i koruma destekli su ge\u00e7irmez s\u0131cak tutan kar kayak eldiveni<\/p><\/p>","protected":false},"excerpt":{"rendered":"<p>\u0130\u00e7i k\u00fcrkl\u00fc, avu\u00e7 i\u00e7i koruma destekli su ge\u00e7irmez s\u0131cak tutan kar kayak eldiveni<\/p>","protected":false},"featured_media":7259,"template":"","meta":[],"product_brand":[],"product_cat":[15,981,935],"product_tag":[],"class_list":{"0":"post-7261","1":"product","2":"type-product","3":"status-publish","4":"has-post-thumbnail","6":"product_cat-genel","7":"product_cat-bere-atki-eldiven","8":"product_cat-kizcocuk","10":"first","11":"instock","12":"taxable","13":"shipping-taxable","14":"purchasable","15":"product-type-variable"},"_links":{"self":[{"href":"https:\/\/petityu.com\/en\/wp-json\/wp\/v2\/product\/7261","targetHints":{"allow":["GET"]}}],"collection":[{"href":"https:\/\/petityu.com\/en\/wp-json\/wp\/v2\/product"}],"about":[{"href":"https:\/\/petityu.com\/en\/wp-json\/wp\/v2\/types\/product"}],"wp:featuredmedia":[{"embeddable":true,"href":"https:\/\/petityu.com\/en\/wp-json\/wp\/v2\/media\/7259"}],"wp:attachment":[{"href":"https:\/\/petityu.com\/en\/wp-json\/wp\/v2\/media?parent=7261"}],"wp:term":[{"taxonomy":"product_brand","embeddable":true,"href":"https:\/\/petityu.com\/en\/wp-json\/wp\/v2\/product_brand?post=7261"},{"taxonomy":"product_cat","embeddable":true,"href":"https:\/\/petityu.com\/en\/wp-json\/wp\/v2\/product_cat?post=7261"},{"taxonomy":"product_tag","embeddable":true,"href":"https:\/\/petityu.com\/en\/wp-json\/wp\/v2\/product_tag?post=7261"}],"curies":[{"name":"wp","href":"https:\/\/api.w.org\/{rel}","templated":true}]}}