{"id":7266,"date":"2024-09-19T16:42:19","date_gmt":"2024-09-19T13:42:19","guid":{"rendered":"https:\/\/petityu.com\/2-5-yas-tek-parmak-pembe-ici-yumusacik-kurklu-my-melody-sanrio-sicacik-tutan-eldiven\/"},"modified":"2026-02-24T16:30:08","modified_gmt":"2026-02-24T13:30:08","slug":"2-5-yas-tek-parmak-pembe-ici-yumusacik-kurklu-my-melody-sanrio-sicacik-tutan-eldiven","status":"publish","type":"product","link":"https:\/\/petityu.com\/en\/2-5-yas-tek-parmak-pembe-ici-yumusacik-kurklu-my-melody-sanrio-sicacik-tutan-eldiven\/","title":{"rendered":"Tek Parmak Pembe \u0130\u00e7i Yumu\u015fac\u0131k K\u00fcrkl\u00fc My Melody Sanrio S\u0131cac\u0131k Tutan Eldiven"},"content":{"rendered":"<p><p>i\u00e7i k\u00fcrkl\u00fc s\u0131cac\u0131k tutan yumu\u015fac\u0131k eldiven tek parmak eldiven kulakl\u0131 fiyonklu eldiven<\/p><\/p>","protected":false},"excerpt":{"rendered":"<p>i\u00e7i k\u00fcrkl\u00fc s\u0131cac\u0131k tutan yumu\u015fac\u0131k eldiven tek parmak eldiven kulakl\u0131 fiyonklu eldiven<\/p>","protected":false},"featured_media":7264,"template":"","meta":[],"product_brand":[],"product_cat":[981,15,935],"product_tag":[],"class_list":{"0":"post-7266","1":"product","2":"type-product","3":"status-publish","4":"has-post-thumbnail","6":"product_cat-bere-atki-eldiven","7":"product_cat-genel","8":"product_cat-kizcocuk","10":"first","11":"instock","12":"taxable","13":"shipping-taxable","14":"purchasable","15":"product-type-variable"},"_links":{"self":[{"href":"https:\/\/petityu.com\/en\/wp-json\/wp\/v2\/product\/7266","targetHints":{"allow":["GET"]}}],"collection":[{"href":"https:\/\/petityu.com\/en\/wp-json\/wp\/v2\/product"}],"about":[{"href":"https:\/\/petityu.com\/en\/wp-json\/wp\/v2\/types\/product"}],"wp:featuredmedia":[{"embeddable":true,"href":"https:\/\/petityu.com\/en\/wp-json\/wp\/v2\/media\/7264"}],"wp:attachment":[{"href":"https:\/\/petityu.com\/en\/wp-json\/wp\/v2\/media?parent=7266"}],"wp:term":[{"taxonomy":"product_brand","embeddable":true,"href":"https:\/\/petityu.com\/en\/wp-json\/wp\/v2\/product_brand?post=7266"},{"taxonomy":"product_cat","embeddable":true,"href":"https:\/\/petityu.com\/en\/wp-json\/wp\/v2\/product_cat?post=7266"},{"taxonomy":"product_tag","embeddable":true,"href":"https:\/\/petityu.com\/en\/wp-json\/wp\/v2\/product_tag?post=7266"}],"curies":[{"name":"wp","href":"https:\/\/api.w.org\/{rel}","templated":true}]}}