{"id":7270,"date":"2024-09-19T16:42:37","date_gmt":"2024-09-19T13:42:37","guid":{"rendered":"https:\/\/petityu.com\/pembe-balerin-aplikeli-tutulu-kiz-cocuk-sweatshirt\/"},"modified":"2025-08-29T13:04:20","modified_gmt":"2025-08-29T10:04:20","slug":"pembe-balerin-aplikeli-tutulu-kiz-cocuk-sweatshirt","status":"publish","type":"product","link":"https:\/\/petityu.com\/en\/pembe-balerin-aplikeli-tutulu-kiz-cocuk-sweatshirt\/","title":{"rendered":"pembe balerin aplikeli tutulu k\u0131z \u00e7ocuk sweatshirt"},"content":{"rendered":"<p>\u015eirin yunu\u015fak tutulu sweatshirt 3-5 ya\u015f 5-7 ya\u015f<\/p>","protected":false},"excerpt":{"rendered":"<p>\u015eirin yunu\u015fak tutulu sweatshirt 3-5 ya\u015f 5-7 ya\u015f<\/p>","protected":false},"featured_media":7269,"template":"","meta":[],"product_brand":[],"product_cat":[972,15,935,976],"product_tag":[],"class_list":{"0":"post-7270","1":"product","2":"type-product","3":"status-publish","4":"has-post-thumbnail","6":"product_cat-elbise","7":"product_cat-genel","8":"product_cat-kizcocuk","9":"product_cat-sweatshirt","11":"first","12":"outofstock","13":"taxable","14":"shipping-taxable","15":"purchasable","16":"product-type-variable"},"_links":{"self":[{"href":"https:\/\/petityu.com\/en\/wp-json\/wp\/v2\/product\/7270","targetHints":{"allow":["GET"]}}],"collection":[{"href":"https:\/\/petityu.com\/en\/wp-json\/wp\/v2\/product"}],"about":[{"href":"https:\/\/petityu.com\/en\/wp-json\/wp\/v2\/types\/product"}],"wp:featuredmedia":[{"embeddable":true,"href":"https:\/\/petityu.com\/en\/wp-json\/wp\/v2\/media\/7269"}],"wp:attachment":[{"href":"https:\/\/petityu.com\/en\/wp-json\/wp\/v2\/media?parent=7270"}],"wp:term":[{"taxonomy":"product_brand","embeddable":true,"href":"https:\/\/petityu.com\/en\/wp-json\/wp\/v2\/product_brand?post=7270"},{"taxonomy":"product_cat","embeddable":true,"href":"https:\/\/petityu.com\/en\/wp-json\/wp\/v2\/product_cat?post=7270"},{"taxonomy":"product_tag","embeddable":true,"href":"https:\/\/petityu.com\/en\/wp-json\/wp\/v2\/product_tag?post=7270"}],"curies":[{"name":"wp","href":"https:\/\/api.w.org\/{rel}","templated":true}]}}