{"id":7274,"date":"2024-09-19T16:42:56","date_gmt":"2024-09-19T13:42:56","guid":{"rendered":"https:\/\/petityu.com\/gokkusagi-rengarenk-tutu-etek\/"},"modified":"2026-01-06T14:38:14","modified_gmt":"2026-01-06T11:38:14","slug":"gokkusagi-rengarenk-tutu-etek","status":"publish","type":"product","link":"https:\/\/petityu.com\/en\/gokkusagi-rengarenk-tutu-etek\/","title":{"rendered":"G\u00f6kku\u015fa\u011f\u0131 Rengarenk Tutu Etek"},"content":{"rendered":"<p><p>100 cm 2-3 yasa 120 cm 3-5 yasa 140 cm 6-8 yasa Beli lastikli katkat rengarenk tutu etek<\/p><\/p>","protected":false},"excerpt":{"rendered":"<p>100 cm 2-3 yasa 120 cm 3-5 yasa 140 cm 6-8 yasa Beli lastikli katkat rengarenk tutu etek<\/p>","protected":false},"featured_media":7273,"template":"","meta":[],"product_brand":[],"product_cat":[15,971,935],"product_tag":[],"class_list":{"0":"post-7274","1":"product","2":"type-product","3":"status-publish","4":"has-post-thumbnail","6":"product_cat-genel","7":"product_cat-etek","8":"product_cat-kizcocuk","10":"first","11":"instock","12":"taxable","13":"shipping-taxable","14":"purchasable","15":"product-type-variable"},"_links":{"self":[{"href":"https:\/\/petityu.com\/en\/wp-json\/wp\/v2\/product\/7274","targetHints":{"allow":["GET"]}}],"collection":[{"href":"https:\/\/petityu.com\/en\/wp-json\/wp\/v2\/product"}],"about":[{"href":"https:\/\/petityu.com\/en\/wp-json\/wp\/v2\/types\/product"}],"wp:featuredmedia":[{"embeddable":true,"href":"https:\/\/petityu.com\/en\/wp-json\/wp\/v2\/media\/7273"}],"wp:attachment":[{"href":"https:\/\/petityu.com\/en\/wp-json\/wp\/v2\/media?parent=7274"}],"wp:term":[{"taxonomy":"product_brand","embeddable":true,"href":"https:\/\/petityu.com\/en\/wp-json\/wp\/v2\/product_brand?post=7274"},{"taxonomy":"product_cat","embeddable":true,"href":"https:\/\/petityu.com\/en\/wp-json\/wp\/v2\/product_cat?post=7274"},{"taxonomy":"product_tag","embeddable":true,"href":"https:\/\/petityu.com\/en\/wp-json\/wp\/v2\/product_tag?post=7274"}],"curies":[{"name":"wp","href":"https:\/\/api.w.org\/{rel}","templated":true}]}}