{"id":7281,"date":"2024-09-19T16:43:23","date_gmt":"2024-09-19T13:43:23","guid":{"rendered":"https:\/\/petityu.com\/hello-kitty-pembe-kiz-cocuk-sirin-cuzdan\/"},"modified":"2025-08-21T13:55:30","modified_gmt":"2025-08-21T10:55:30","slug":"hello-kitty-pembe-kiz-cocuk-sirin-cuzdan","status":"publish","type":"product","link":"https:\/\/petityu.com\/en\/hello-kitty-pembe-kiz-cocuk-sirin-cuzdan\/","title":{"rendered":"Hello Kitty pembe k\u0131z \u00e7ocuk \u015firin c\u00fczdan"},"content":{"rendered":"<div ><br \/>\n<ul><br \/>\n<li>k\u0131z \u00e7ocuk a\u015f\u0131r\u0131 \u015firin Hello Kitty c\u00fczdan<\/li><\/ul><br \/>\n<div>&nbsp;<\/div><\/div>","protected":false},"excerpt":{"rendered":"<p>k\u0131z \u00e7ocuk a\u015f\u0131r\u0131 \u015firin Hello Kitty c\u00fczdan &nbsp;<\/p>","protected":false},"featured_media":7280,"template":"","meta":[],"product_brand":[],"product_cat":[15,1003,935],"product_tag":[],"class_list":{"0":"post-7281","1":"product","2":"type-product","3":"status-publish","4":"has-post-thumbnail","6":"product_cat-genel","7":"product_cat-cuzdan","8":"product_cat-kizcocuk","10":"first","11":"outofstock","12":"taxable","13":"shipping-taxable","14":"purchasable","15":"product-type-simple"},"_links":{"self":[{"href":"https:\/\/petityu.com\/en\/wp-json\/wp\/v2\/product\/7281","targetHints":{"allow":["GET"]}}],"collection":[{"href":"https:\/\/petityu.com\/en\/wp-json\/wp\/v2\/product"}],"about":[{"href":"https:\/\/petityu.com\/en\/wp-json\/wp\/v2\/types\/product"}],"wp:featuredmedia":[{"embeddable":true,"href":"https:\/\/petityu.com\/en\/wp-json\/wp\/v2\/media\/7280"}],"wp:attachment":[{"href":"https:\/\/petityu.com\/en\/wp-json\/wp\/v2\/media?parent=7281"}],"wp:term":[{"taxonomy":"product_brand","embeddable":true,"href":"https:\/\/petityu.com\/en\/wp-json\/wp\/v2\/product_brand?post=7281"},{"taxonomy":"product_cat","embeddable":true,"href":"https:\/\/petityu.com\/en\/wp-json\/wp\/v2\/product_cat?post=7281"},{"taxonomy":"product_tag","embeddable":true,"href":"https:\/\/petityu.com\/en\/wp-json\/wp\/v2\/product_tag?post=7281"}],"curies":[{"name":"wp","href":"https:\/\/api.w.org\/{rel}","templated":true}]}}