{"id":7283,"date":"2024-09-19T16:43:32","date_gmt":"2024-09-19T13:43:32","guid":{"rendered":"https:\/\/petityu.com\/sanrio-my-melody-pembe-sirin-kiz-cocuk-pembe-cuzdan\/"},"modified":"2025-10-15T17:23:24","modified_gmt":"2025-10-15T14:23:24","slug":"sanrio-my-melody-pembe-sirin-kiz-cocuk-pembe-cuzdan","status":"publish","type":"product","link":"https:\/\/petityu.com\/en\/sanrio-my-melody-pembe-sirin-kiz-cocuk-pembe-cuzdan\/","title":{"rendered":"Sanrio My melody Pembe \u015eirin K\u0131z \u00c7ocuk Pembe C\u00fczdan"},"content":{"rendered":"<div ><br \/>\n<ul><br \/>\n<li>k\u0131z \u00e7ocuk a\u015f\u0131r\u0131 \u015firin c\u00fczdan<\/li><\/ul><\/div>","protected":false},"excerpt":{"rendered":"<p>k\u0131z \u00e7ocuk a\u015f\u0131r\u0131 \u015firin c\u00fczdan<\/p>","protected":false},"featured_media":7282,"template":"","meta":[],"product_brand":[],"product_cat":[15,1003,935],"product_tag":[],"class_list":{"0":"post-7283","1":"product","2":"type-product","3":"status-publish","4":"has-post-thumbnail","6":"product_cat-genel","7":"product_cat-cuzdan","8":"product_cat-kizcocuk","10":"first","11":"instock","12":"taxable","13":"shipping-taxable","14":"purchasable","15":"product-type-simple"},"_links":{"self":[{"href":"https:\/\/petityu.com\/en\/wp-json\/wp\/v2\/product\/7283","targetHints":{"allow":["GET"]}}],"collection":[{"href":"https:\/\/petityu.com\/en\/wp-json\/wp\/v2\/product"}],"about":[{"href":"https:\/\/petityu.com\/en\/wp-json\/wp\/v2\/types\/product"}],"wp:featuredmedia":[{"embeddable":true,"href":"https:\/\/petityu.com\/en\/wp-json\/wp\/v2\/media\/7282"}],"wp:attachment":[{"href":"https:\/\/petityu.com\/en\/wp-json\/wp\/v2\/media?parent=7283"}],"wp:term":[{"taxonomy":"product_brand","embeddable":true,"href":"https:\/\/petityu.com\/en\/wp-json\/wp\/v2\/product_brand?post=7283"},{"taxonomy":"product_cat","embeddable":true,"href":"https:\/\/petityu.com\/en\/wp-json\/wp\/v2\/product_cat?post=7283"},{"taxonomy":"product_tag","embeddable":true,"href":"https:\/\/petityu.com\/en\/wp-json\/wp\/v2\/product_tag?post=7283"}],"curies":[{"name":"wp","href":"https:\/\/api.w.org\/{rel}","templated":true}]}}