{"id":7285,"date":"2024-09-19T16:43:41","date_gmt":"2024-09-19T13:43:41","guid":{"rendered":"https:\/\/petityu.com\/kuromi-kawaii-mor-sirin-kiz-cocuk-cuzdan\/"},"modified":"2025-10-15T17:23:44","modified_gmt":"2025-10-15T14:23:44","slug":"kuromi-kawaii-mor-sirin-kiz-cocuk-cuzdan","status":"publish","type":"product","link":"https:\/\/petityu.com\/en\/kuromi-kawaii-mor-sirin-kiz-cocuk-cuzdan\/","title":{"rendered":"Kuromi Kawaii Mor \u015eirin K\u0131z \u00c7ocuk C\u00fczdan"},"content":{"rendered":"<div ><br \/>\n<ul><br \/>\n<li>\u015firin \u00e7ocuk c\u00fczdan <br><\/li><br \/>\n<li>kuromi mor \u00e7ocuk c\u00fczdan<\/li><\/ul><\/div>","protected":false},"excerpt":{"rendered":"<p>\u015firin \u00e7ocuk c\u00fczdan kuromi mor \u00e7ocuk c\u00fczdan<\/p>","protected":false},"featured_media":7284,"template":"","meta":[],"product_brand":[],"product_cat":[1003,15,935],"product_tag":[],"class_list":{"0":"post-7285","1":"product","2":"type-product","3":"status-publish","4":"has-post-thumbnail","6":"product_cat-cuzdan","7":"product_cat-genel","8":"product_cat-kizcocuk","10":"first","11":"instock","12":"taxable","13":"shipping-taxable","14":"purchasable","15":"product-type-simple"},"_links":{"self":[{"href":"https:\/\/petityu.com\/en\/wp-json\/wp\/v2\/product\/7285","targetHints":{"allow":["GET"]}}],"collection":[{"href":"https:\/\/petityu.com\/en\/wp-json\/wp\/v2\/product"}],"about":[{"href":"https:\/\/petityu.com\/en\/wp-json\/wp\/v2\/types\/product"}],"wp:featuredmedia":[{"embeddable":true,"href":"https:\/\/petityu.com\/en\/wp-json\/wp\/v2\/media\/7284"}],"wp:attachment":[{"href":"https:\/\/petityu.com\/en\/wp-json\/wp\/v2\/media?parent=7285"}],"wp:term":[{"taxonomy":"product_brand","embeddable":true,"href":"https:\/\/petityu.com\/en\/wp-json\/wp\/v2\/product_brand?post=7285"},{"taxonomy":"product_cat","embeddable":true,"href":"https:\/\/petityu.com\/en\/wp-json\/wp\/v2\/product_cat?post=7285"},{"taxonomy":"product_tag","embeddable":true,"href":"https:\/\/petityu.com\/en\/wp-json\/wp\/v2\/product_tag?post=7285"}],"curies":[{"name":"wp","href":"https:\/\/api.w.org\/{rel}","templated":true}]}}