{"id":7289,"date":"2024-09-19T16:44:00","date_gmt":"2024-09-19T13:44:00","guid":{"rendered":"https:\/\/petityu.com\/sari-civciv-canta-seklinde-buyuk-kapasiteli-kalem-kutusu\/"},"modified":"2025-08-21T13:57:48","modified_gmt":"2025-08-21T10:57:48","slug":"sari-civciv-canta-seklinde-buyuk-kapasiteli-kalem-kutusu","status":"publish","type":"product","link":"https:\/\/petityu.com\/en\/sari-civciv-canta-seklinde-buyuk-kapasiteli-kalem-kutusu\/","title":{"rendered":"sar\u0131 civciv \u00e7anta \u015feklinde b\u00fcy\u00fck kapasiteli kalem kutusu"},"content":{"rendered":"<div ><br \/>\n<ul><br \/>\n<li>canta seklinde buyuk kapasiteli kalem kutusu <br><\/li><br \/>\n<li>sar\u0131 civciv kalem kutusu<\/li><\/ul><br \/>\n<div><br><\/div><\/div>","protected":false},"excerpt":{"rendered":"<p>canta seklinde buyuk kapasiteli kalem kutusu sar\u0131 civciv kalem kutusu<\/p>","protected":false},"featured_media":7288,"template":"","meta":[],"product_brand":[],"product_cat":[15,936,980,999,935],"product_tag":[],"class_list":{"0":"post-7289","1":"product","2":"type-product","3":"status-publish","4":"has-post-thumbnail","6":"product_cat-genel","7":"product_cat-erkekcocuk","8":"product_cat-kalem-kutusu-kizcocuk","9":"product_cat-kalem-kutusu-erkekcocuk","10":"product_cat-kizcocuk","12":"first","13":"outofstock","14":"taxable","15":"shipping-taxable","16":"purchasable","17":"product-type-simple"},"_links":{"self":[{"href":"https:\/\/petityu.com\/en\/wp-json\/wp\/v2\/product\/7289","targetHints":{"allow":["GET"]}}],"collection":[{"href":"https:\/\/petityu.com\/en\/wp-json\/wp\/v2\/product"}],"about":[{"href":"https:\/\/petityu.com\/en\/wp-json\/wp\/v2\/types\/product"}],"wp:featuredmedia":[{"embeddable":true,"href":"https:\/\/petityu.com\/en\/wp-json\/wp\/v2\/media\/7288"}],"wp:attachment":[{"href":"https:\/\/petityu.com\/en\/wp-json\/wp\/v2\/media?parent=7289"}],"wp:term":[{"taxonomy":"product_brand","embeddable":true,"href":"https:\/\/petityu.com\/en\/wp-json\/wp\/v2\/product_brand?post=7289"},{"taxonomy":"product_cat","embeddable":true,"href":"https:\/\/petityu.com\/en\/wp-json\/wp\/v2\/product_cat?post=7289"},{"taxonomy":"product_tag","embeddable":true,"href":"https:\/\/petityu.com\/en\/wp-json\/wp\/v2\/product_tag?post=7289"}],"curies":[{"name":"wp","href":"https:\/\/api.w.org\/{rel}","templated":true}]}}