{"id":7291,"date":"2024-09-19T16:44:09","date_gmt":"2024-09-19T13:44:09","guid":{"rendered":"https:\/\/petityu.com\/canta-seklinde-sirin-tavsan-pembe-kalem-kutusu\/"},"modified":"2026-03-02T16:17:23","modified_gmt":"2026-03-02T13:17:23","slug":"canta-seklinde-sirin-tavsan-pembe-kalem-kutusu","status":"publish","type":"product","link":"https:\/\/petityu.com\/en\/canta-seklinde-sirin-tavsan-pembe-kalem-kutusu\/","title":{"rendered":"\u00c7anta \u015eeklinde \u015eirin Tav\u015fan Pembe Kalem Kutusu"},"content":{"rendered":"<p>b\u00fcy\u00fck kapasiteli \u00e7anta \u015feklinde k\u0131z \u00e7ocuk kalem kutu<\/p>","protected":false},"excerpt":{"rendered":"<p>b\u00fcy\u00fck kapasiteli \u00e7anta \u015feklinde k\u0131z \u00e7ocuk kalem kutu<\/p>","protected":false},"featured_media":7290,"template":"","meta":[],"product_brand":[],"product_cat":[15,980,935],"product_tag":[],"class_list":{"0":"post-7291","1":"product","2":"type-product","3":"status-publish","4":"has-post-thumbnail","6":"product_cat-genel","7":"product_cat-kalem-kutusu-kizcocuk","8":"product_cat-kizcocuk","10":"first","11":"instock","12":"taxable","13":"shipping-taxable","14":"purchasable","15":"product-type-simple"},"_links":{"self":[{"href":"https:\/\/petityu.com\/en\/wp-json\/wp\/v2\/product\/7291","targetHints":{"allow":["GET"]}}],"collection":[{"href":"https:\/\/petityu.com\/en\/wp-json\/wp\/v2\/product"}],"about":[{"href":"https:\/\/petityu.com\/en\/wp-json\/wp\/v2\/types\/product"}],"wp:featuredmedia":[{"embeddable":true,"href":"https:\/\/petityu.com\/en\/wp-json\/wp\/v2\/media\/7290"}],"wp:attachment":[{"href":"https:\/\/petityu.com\/en\/wp-json\/wp\/v2\/media?parent=7291"}],"wp:term":[{"taxonomy":"product_brand","embeddable":true,"href":"https:\/\/petityu.com\/en\/wp-json\/wp\/v2\/product_brand?post=7291"},{"taxonomy":"product_cat","embeddable":true,"href":"https:\/\/petityu.com\/en\/wp-json\/wp\/v2\/product_cat?post=7291"},{"taxonomy":"product_tag","embeddable":true,"href":"https:\/\/petityu.com\/en\/wp-json\/wp\/v2\/product_tag?post=7291"}],"curies":[{"name":"wp","href":"https:\/\/api.w.org\/{rel}","templated":true}]}}