{"id":7293,"date":"2024-09-19T16:44:19","date_gmt":"2024-09-19T13:44:19","guid":{"rendered":"https:\/\/petityu.com\/pochacco-cinamoroll-kawaii-kuromi-yesil-altigen-kalemlik-kalem-kutu\/"},"modified":"2026-04-07T16:23:13","modified_gmt":"2026-04-07T13:23:13","slug":"pochacco-cinamoroll-kawaii-kuromi-yesil-altigen-kalemlik-kalem-kutu","status":"publish","type":"product","link":"https:\/\/petityu.com\/en\/pochacco-cinamoroll-kawaii-kuromi-yesil-altigen-kalemlik-kalem-kutu\/","title":{"rendered":"Pochacco Cinamoroll kawaii kuromi ye\u015fil alt\u0131gen kalemlik kalem kutu"},"content":{"rendered":"<div ><ul><li>pochacco cinnaoroll ye\u015fil alt\u0131gen kalem kutu <br><\/li><\/ul><div><br><\/div><\/div>","protected":false},"excerpt":{"rendered":"<p>pochacco cinnaoroll ye\u015fil alt\u0131gen kalem kutu<\/p>","protected":false},"featured_media":7292,"template":"","meta":[],"product_brand":[],"product_cat":[15,936,980,999,935],"product_tag":[],"class_list":{"0":"post-7293","1":"product","2":"type-product","3":"status-publish","4":"has-post-thumbnail","6":"product_cat-genel","7":"product_cat-erkekcocuk","8":"product_cat-kalem-kutusu-kizcocuk","9":"product_cat-kalem-kutusu-erkekcocuk","10":"product_cat-kizcocuk","12":"first","13":"outofstock","14":"taxable","15":"shipping-taxable","16":"purchasable","17":"product-type-simple"},"_links":{"self":[{"href":"https:\/\/petityu.com\/en\/wp-json\/wp\/v2\/product\/7293","targetHints":{"allow":["GET"]}}],"collection":[{"href":"https:\/\/petityu.com\/en\/wp-json\/wp\/v2\/product"}],"about":[{"href":"https:\/\/petityu.com\/en\/wp-json\/wp\/v2\/types\/product"}],"wp:featuredmedia":[{"embeddable":true,"href":"https:\/\/petityu.com\/en\/wp-json\/wp\/v2\/media\/7292"}],"wp:attachment":[{"href":"https:\/\/petityu.com\/en\/wp-json\/wp\/v2\/media?parent=7293"}],"wp:term":[{"taxonomy":"product_brand","embeddable":true,"href":"https:\/\/petityu.com\/en\/wp-json\/wp\/v2\/product_brand?post=7293"},{"taxonomy":"product_cat","embeddable":true,"href":"https:\/\/petityu.com\/en\/wp-json\/wp\/v2\/product_cat?post=7293"},{"taxonomy":"product_tag","embeddable":true,"href":"https:\/\/petityu.com\/en\/wp-json\/wp\/v2\/product_tag?post=7293"}],"curies":[{"name":"wp","href":"https:\/\/api.w.org\/{rel}","templated":true}]}}