{"id":7295,"date":"2024-09-19T16:44:28","date_gmt":"2024-09-19T13:44:28","guid":{"rendered":"https:\/\/petityu.com\/hello-kitty-cok-sirin-oyuncakli-pembe-kiz-cocuk-kalem-kutu\/"},"modified":"2025-10-15T17:35:14","modified_gmt":"2025-10-15T14:35:14","slug":"hello-kitty-cok-sirin-oyuncakli-pembe-kiz-cocuk-kalem-kutu","status":"publish","type":"product","link":"https:\/\/petityu.com\/en\/hello-kitty-cok-sirin-oyuncakli-pembe-kiz-cocuk-kalem-kutu\/","title":{"rendered":"Hello Kitty \u00c7ok \u015eirin Oyuncakl\u0131 Pembe K\u0131z \u00c7ocuk Kalem Kutu"},"content":{"rendered":"<div ><br \/>\n<ul><br \/>\n<li>Hello Kitty a\u015f\u0131r\u0131 \u015firin kalem kutu<\/li><\/ul><br \/>\n<div><br><\/div><\/div>","protected":false},"excerpt":{"rendered":"<p>Hello Kitty a\u015f\u0131r\u0131 \u015firin kalem kutu<\/p>","protected":false},"featured_media":7294,"template":"","meta":[],"product_brand":[],"product_cat":[15,980,935],"product_tag":[],"class_list":{"0":"post-7295","1":"product","2":"type-product","3":"status-publish","4":"has-post-thumbnail","6":"product_cat-genel","7":"product_cat-kalem-kutusu-kizcocuk","8":"product_cat-kizcocuk","10":"first","11":"instock","12":"taxable","13":"shipping-taxable","14":"purchasable","15":"product-type-simple"},"_links":{"self":[{"href":"https:\/\/petityu.com\/en\/wp-json\/wp\/v2\/product\/7295","targetHints":{"allow":["GET"]}}],"collection":[{"href":"https:\/\/petityu.com\/en\/wp-json\/wp\/v2\/product"}],"about":[{"href":"https:\/\/petityu.com\/en\/wp-json\/wp\/v2\/types\/product"}],"wp:featuredmedia":[{"embeddable":true,"href":"https:\/\/petityu.com\/en\/wp-json\/wp\/v2\/media\/7294"}],"wp:attachment":[{"href":"https:\/\/petityu.com\/en\/wp-json\/wp\/v2\/media?parent=7295"}],"wp:term":[{"taxonomy":"product_brand","embeddable":true,"href":"https:\/\/petityu.com\/en\/wp-json\/wp\/v2\/product_brand?post=7295"},{"taxonomy":"product_cat","embeddable":true,"href":"https:\/\/petityu.com\/en\/wp-json\/wp\/v2\/product_cat?post=7295"},{"taxonomy":"product_tag","embeddable":true,"href":"https:\/\/petityu.com\/en\/wp-json\/wp\/v2\/product_tag?post=7295"}],"curies":[{"name":"wp","href":"https:\/\/api.w.org\/{rel}","templated":true}]}}