{"id":7300,"date":"2024-09-19T16:44:54","date_gmt":"2024-09-19T13:44:54","guid":{"rendered":"https:\/\/petityu.com\/sonic-the-hedgehog-tails-knuckles-cift-fermaurli-buyuk-kapasiteli-kalem-kutu\/"},"modified":"2026-04-07T16:25:18","modified_gmt":"2026-04-07T13:25:18","slug":"sonic-the-hedgehog-tails-knuckles-cift-fermaurli-buyuk-kapasiteli-kalem-kutu","status":"publish","type":"product","link":"https:\/\/petityu.com\/en\/sonic-the-hedgehog-tails-knuckles-cift-fermaurli-buyuk-kapasiteli-kalem-kutu\/","title":{"rendered":"Sonic the Hedgehog Tails Knuckles \u00e7ift fermaurl\u0131 b\u00fcy\u00fck kapasiteli kalem kutu"},"content":{"rendered":"<div ><ul><li>Sonic b\u00fcy\u00fck kapasiteli kalem kutu&nbsp; <br><\/li><li>\u00e7ift fermuarl\u0131 b\u00fcy\u00fck kalem kutu<\/li><\/ul><div><br><\/div><\/div>","protected":false},"excerpt":{"rendered":"<p>Sonic b\u00fcy\u00fck kapasiteli kalem kutu&nbsp; \u00e7ift fermuarl\u0131 b\u00fcy\u00fck kalem kutu<\/p>","protected":false},"featured_media":7296,"template":"","meta":[],"product_brand":[],"product_cat":[15,936,999],"product_tag":[],"class_list":{"0":"post-7300","1":"product","2":"type-product","3":"status-publish","4":"has-post-thumbnail","6":"product_cat-genel","7":"product_cat-erkekcocuk","8":"product_cat-kalem-kutusu-erkekcocuk","10":"first","11":"instock","12":"taxable","13":"shipping-taxable","14":"purchasable","15":"product-type-simple"},"_links":{"self":[{"href":"https:\/\/petityu.com\/en\/wp-json\/wp\/v2\/product\/7300","targetHints":{"allow":["GET"]}}],"collection":[{"href":"https:\/\/petityu.com\/en\/wp-json\/wp\/v2\/product"}],"about":[{"href":"https:\/\/petityu.com\/en\/wp-json\/wp\/v2\/types\/product"}],"wp:featuredmedia":[{"embeddable":true,"href":"https:\/\/petityu.com\/en\/wp-json\/wp\/v2\/media\/7296"}],"wp:attachment":[{"href":"https:\/\/petityu.com\/en\/wp-json\/wp\/v2\/media?parent=7300"}],"wp:term":[{"taxonomy":"product_brand","embeddable":true,"href":"https:\/\/petityu.com\/en\/wp-json\/wp\/v2\/product_brand?post=7300"},{"taxonomy":"product_cat","embeddable":true,"href":"https:\/\/petityu.com\/en\/wp-json\/wp\/v2\/product_cat?post=7300"},{"taxonomy":"product_tag","embeddable":true,"href":"https:\/\/petityu.com\/en\/wp-json\/wp\/v2\/product_tag?post=7300"}],"curies":[{"name":"wp","href":"https:\/\/api.w.org\/{rel}","templated":true}]}}