{"id":7302,"date":"2024-09-19T16:45:05","date_gmt":"2024-09-19T13:45:05","guid":{"rendered":"https:\/\/petityu.com\/unicorn-kalem-kutu-aplikeli-buyuk-kapasiteli-sirin-kalem-kutu\/"},"modified":"2025-08-21T13:57:18","modified_gmt":"2025-08-21T10:57:18","slug":"unicorn-kalem-kutu-aplikeli-buyuk-kapasiteli-sirin-kalem-kutu","status":"publish","type":"product","link":"https:\/\/petityu.com\/en\/unicorn-kalem-kutu-aplikeli-buyuk-kapasiteli-sirin-kalem-kutu\/","title":{"rendered":"Unicorn kalem kutu aplikeli b\u00fcy\u00fck kapasiteli \u015firin kalem kutu"},"content":{"rendered":"<div ><br \/>\n<ul><br \/>\n<li>unicorn b\u00fcy\u00fck kapasiteli kalem kutu<\/li><\/ul><br \/>\n<div><br><\/div><\/div>","protected":false},"excerpt":{"rendered":"<p>unicorn b\u00fcy\u00fck kapasiteli kalem kutu<\/p>","protected":false},"featured_media":7301,"template":"","meta":[],"product_brand":[],"product_cat":[15,980,935],"product_tag":[],"class_list":{"0":"post-7302","1":"product","2":"type-product","3":"status-publish","4":"has-post-thumbnail","6":"product_cat-genel","7":"product_cat-kalem-kutusu-kizcocuk","8":"product_cat-kizcocuk","10":"first","11":"outofstock","12":"taxable","13":"shipping-taxable","14":"purchasable","15":"product-type-simple"},"_links":{"self":[{"href":"https:\/\/petityu.com\/en\/wp-json\/wp\/v2\/product\/7302","targetHints":{"allow":["GET"]}}],"collection":[{"href":"https:\/\/petityu.com\/en\/wp-json\/wp\/v2\/product"}],"about":[{"href":"https:\/\/petityu.com\/en\/wp-json\/wp\/v2\/types\/product"}],"wp:featuredmedia":[{"embeddable":true,"href":"https:\/\/petityu.com\/en\/wp-json\/wp\/v2\/media\/7301"}],"wp:attachment":[{"href":"https:\/\/petityu.com\/en\/wp-json\/wp\/v2\/media?parent=7302"}],"wp:term":[{"taxonomy":"product_brand","embeddable":true,"href":"https:\/\/petityu.com\/en\/wp-json\/wp\/v2\/product_brand?post=7302"},{"taxonomy":"product_cat","embeddable":true,"href":"https:\/\/petityu.com\/en\/wp-json\/wp\/v2\/product_cat?post=7302"},{"taxonomy":"product_tag","embeddable":true,"href":"https:\/\/petityu.com\/en\/wp-json\/wp\/v2\/product_tag?post=7302"}],"curies":[{"name":"wp","href":"https:\/\/api.w.org\/{rel}","templated":true}]}}