{"id":7304,"date":"2024-09-19T16:45:14","date_gmt":"2024-09-19T13:45:14","guid":{"rendered":"https:\/\/petityu.com\/astronot-sirin-buyuk-kapasiteli-kalem-kutusu\/"},"modified":"2026-02-05T17:00:13","modified_gmt":"2026-02-05T14:00:13","slug":"astronot-sirin-buyuk-kapasiteli-kalem-kutusu","status":"publish","type":"product","link":"https:\/\/petityu.com\/en\/astronot-sirin-buyuk-kapasiteli-kalem-kutusu\/","title":{"rendered":"Petityu Astronot \u015eirin B\u00fcy\u00fck Kapasiteli Kalem Kutusu"},"content":{"rendered":"<div ><br \/>\n<ul><br \/>\n<li>erkek \u00e7ocuk k\u0131rm\u0131z\u0131 biyeli lacivery kalem kutu<\/li><\/ul><\/div>","protected":false},"excerpt":{"rendered":"<p>erkek \u00e7ocuk k\u0131rm\u0131z\u0131 biyeli lacivery kalem kutu<\/p>","protected":false},"featured_media":7303,"template":"","meta":[],"product_brand":[],"product_cat":[15,936,999],"product_tag":[],"class_list":{"0":"post-7304","1":"product","2":"type-product","3":"status-publish","4":"has-post-thumbnail","6":"product_cat-genel","7":"product_cat-erkekcocuk","8":"product_cat-kalem-kutusu-erkekcocuk","10":"first","11":"instock","12":"taxable","13":"shipping-taxable","14":"purchasable","15":"product-type-simple"},"_links":{"self":[{"href":"https:\/\/petityu.com\/en\/wp-json\/wp\/v2\/product\/7304","targetHints":{"allow":["GET"]}}],"collection":[{"href":"https:\/\/petityu.com\/en\/wp-json\/wp\/v2\/product"}],"about":[{"href":"https:\/\/petityu.com\/en\/wp-json\/wp\/v2\/types\/product"}],"wp:featuredmedia":[{"embeddable":true,"href":"https:\/\/petityu.com\/en\/wp-json\/wp\/v2\/media\/7303"}],"wp:attachment":[{"href":"https:\/\/petityu.com\/en\/wp-json\/wp\/v2\/media?parent=7304"}],"wp:term":[{"taxonomy":"product_brand","embeddable":true,"href":"https:\/\/petityu.com\/en\/wp-json\/wp\/v2\/product_brand?post=7304"},{"taxonomy":"product_cat","embeddable":true,"href":"https:\/\/petityu.com\/en\/wp-json\/wp\/v2\/product_cat?post=7304"},{"taxonomy":"product_tag","embeddable":true,"href":"https:\/\/petityu.com\/en\/wp-json\/wp\/v2\/product_tag?post=7304"}],"curies":[{"name":"wp","href":"https:\/\/api.w.org\/{rel}","templated":true}]}}