{"id":7306,"date":"2024-09-19T16:45:24","date_gmt":"2024-09-19T13:45:24","guid":{"rendered":"https:\/\/petityu.com\/sanrio-my-melody-kiz-cocuk-kalem-kutusu-pembe-pullu-kalem-kutu\/"},"modified":"2025-09-15T14:54:26","modified_gmt":"2025-09-15T11:54:26","slug":"sanrio-my-melody-kiz-cocuk-kalem-kutusu-pembe-pullu-kalem-kutu","status":"publish","type":"product","link":"https:\/\/petityu.com\/en\/sanrio-my-melody-kiz-cocuk-kalem-kutusu-pembe-pullu-kalem-kutu\/","title":{"rendered":"Sanrio My Melody k\u0131z \u00e7ocuk kalem kutusu pembe pullu kalem kutu"},"content":{"rendered":"<div ><br \/>\n<ul><br \/>\n<li>Pembe Sanrio my melody a\u015f\u0131r\u0131 \u015firin pullu kalem kutu<\/li><\/ul><br \/>\n<div><br><\/div><\/div>","protected":false},"excerpt":{"rendered":"<p>Pembe Sanrio my melody a\u015f\u0131r\u0131 \u015firin pullu kalem kutu<\/p>","protected":false},"featured_media":7305,"template":"","meta":[],"product_brand":[],"product_cat":[15,980,935],"product_tag":[],"class_list":{"0":"post-7306","1":"product","2":"type-product","3":"status-publish","4":"has-post-thumbnail","6":"product_cat-genel","7":"product_cat-kalem-kutusu-kizcocuk","8":"product_cat-kizcocuk","10":"first","11":"instock","12":"featured","13":"taxable","14":"shipping-taxable","15":"purchasable","16":"product-type-simple"},"_links":{"self":[{"href":"https:\/\/petityu.com\/en\/wp-json\/wp\/v2\/product\/7306","targetHints":{"allow":["GET"]}}],"collection":[{"href":"https:\/\/petityu.com\/en\/wp-json\/wp\/v2\/product"}],"about":[{"href":"https:\/\/petityu.com\/en\/wp-json\/wp\/v2\/types\/product"}],"wp:featuredmedia":[{"embeddable":true,"href":"https:\/\/petityu.com\/en\/wp-json\/wp\/v2\/media\/7305"}],"wp:attachment":[{"href":"https:\/\/petityu.com\/en\/wp-json\/wp\/v2\/media?parent=7306"}],"wp:term":[{"taxonomy":"product_brand","embeddable":true,"href":"https:\/\/petityu.com\/en\/wp-json\/wp\/v2\/product_brand?post=7306"},{"taxonomy":"product_cat","embeddable":true,"href":"https:\/\/petityu.com\/en\/wp-json\/wp\/v2\/product_cat?post=7306"},{"taxonomy":"product_tag","embeddable":true,"href":"https:\/\/petityu.com\/en\/wp-json\/wp\/v2\/product_tag?post=7306"}],"curies":[{"name":"wp","href":"https:\/\/api.w.org\/{rel}","templated":true}]}}