{"id":7311,"date":"2024-09-19T16:45:50","date_gmt":"2024-09-19T13:45:50","guid":{"rendered":"https:\/\/petityu.com\/super-mario-cok-buyuk-kapasiteli-cok-bolmeli-kalem-kutu\/"},"modified":"2026-04-08T15:49:08","modified_gmt":"2026-04-08T12:49:08","slug":"super-mario-cok-buyuk-kapasiteli-cok-bolmeli-kalem-kutu","status":"publish","type":"product","link":"https:\/\/petityu.com\/en\/super-mario-cok-buyuk-kapasiteli-cok-bolmeli-kalem-kutu\/","title":{"rendered":"Super Mario \u00e7ok b\u00fcy\u00fck kapasiteli \u00e7ok b\u00f6lmeli Kalem Kutu"},"content":{"rendered":"<div ><ul><li>\u00e7ok b\u00f6lmeli kalem kutu super mario <br><\/li><li>super mario kalem kutu <br><\/li><li>mario bros kalem kutu<\/li><\/ul><div><br><\/div><\/div>","protected":false},"excerpt":{"rendered":"<p>\u00e7ok b\u00f6lmeli kalem kutu super mario super mario kalem kutu mario bros kalem kutu<\/p>","protected":false},"featured_media":7309,"template":"","meta":[],"product_brand":[],"product_cat":[15,936,999],"product_tag":[],"class_list":{"0":"post-7311","1":"product","2":"type-product","3":"status-publish","4":"has-post-thumbnail","6":"product_cat-genel","7":"product_cat-erkekcocuk","8":"product_cat-kalem-kutusu-erkekcocuk","10":"first","11":"instock","12":"taxable","13":"shipping-taxable","14":"purchasable","15":"product-type-simple"},"_links":{"self":[{"href":"https:\/\/petityu.com\/en\/wp-json\/wp\/v2\/product\/7311","targetHints":{"allow":["GET"]}}],"collection":[{"href":"https:\/\/petityu.com\/en\/wp-json\/wp\/v2\/product"}],"about":[{"href":"https:\/\/petityu.com\/en\/wp-json\/wp\/v2\/types\/product"}],"wp:featuredmedia":[{"embeddable":true,"href":"https:\/\/petityu.com\/en\/wp-json\/wp\/v2\/media\/7309"}],"wp:attachment":[{"href":"https:\/\/petityu.com\/en\/wp-json\/wp\/v2\/media?parent=7311"}],"wp:term":[{"taxonomy":"product_brand","embeddable":true,"href":"https:\/\/petityu.com\/en\/wp-json\/wp\/v2\/product_brand?post=7311"},{"taxonomy":"product_cat","embeddable":true,"href":"https:\/\/petityu.com\/en\/wp-json\/wp\/v2\/product_cat?post=7311"},{"taxonomy":"product_tag","embeddable":true,"href":"https:\/\/petityu.com\/en\/wp-json\/wp\/v2\/product_tag?post=7311"}],"curies":[{"name":"wp","href":"https:\/\/api.w.org\/{rel}","templated":true}]}}