{"id":7313,"date":"2024-09-19T16:46:00","date_gmt":"2024-09-19T13:46:00","guid":{"rendered":"https:\/\/petityu.com\/my-melody-pembe-kiz-cocuk-buyuk-kapasiteli-pembe-kalem-kutusu\/"},"modified":"2026-03-19T15:44:53","modified_gmt":"2026-03-19T12:44:53","slug":"my-melody-pembe-kiz-cocuk-buyuk-kapasiteli-pembe-kalem-kutusu","status":"publish","type":"product","link":"https:\/\/petityu.com\/en\/my-melody-pembe-kiz-cocuk-buyuk-kapasiteli-pembe-kalem-kutusu\/","title":{"rendered":"Petityu My Melody Pembe K\u0131z \u00c7ocuk B\u00fcy\u00fck Kapasiteli Pembe Kalem Kutusu"},"content":{"rendered":"<div ><br \/>\n<ul><br \/>\n<li>My melody k\u0131z \u00e7ocuk pembe kalem kutu<\/li><\/ul><br \/>\n<div>&nbsp;<\/div><\/div>","protected":false},"excerpt":{"rendered":"<p>My melody k\u0131z \u00e7ocuk pembe kalem kutu &nbsp;<\/p>","protected":false},"featured_media":7312,"template":"","meta":[],"product_brand":[],"product_cat":[15,980,935],"product_tag":[],"class_list":{"0":"post-7313","1":"product","2":"type-product","3":"status-publish","4":"has-post-thumbnail","6":"product_cat-genel","7":"product_cat-kalem-kutusu-kizcocuk","8":"product_cat-kizcocuk","10":"first","11":"outofstock","12":"taxable","13":"shipping-taxable","14":"purchasable","15":"product-type-simple"},"_links":{"self":[{"href":"https:\/\/petityu.com\/en\/wp-json\/wp\/v2\/product\/7313","targetHints":{"allow":["GET"]}}],"collection":[{"href":"https:\/\/petityu.com\/en\/wp-json\/wp\/v2\/product"}],"about":[{"href":"https:\/\/petityu.com\/en\/wp-json\/wp\/v2\/types\/product"}],"wp:featuredmedia":[{"embeddable":true,"href":"https:\/\/petityu.com\/en\/wp-json\/wp\/v2\/media\/7312"}],"wp:attachment":[{"href":"https:\/\/petityu.com\/en\/wp-json\/wp\/v2\/media?parent=7313"}],"wp:term":[{"taxonomy":"product_brand","embeddable":true,"href":"https:\/\/petityu.com\/en\/wp-json\/wp\/v2\/product_brand?post=7313"},{"taxonomy":"product_cat","embeddable":true,"href":"https:\/\/petityu.com\/en\/wp-json\/wp\/v2\/product_cat?post=7313"},{"taxonomy":"product_tag","embeddable":true,"href":"https:\/\/petityu.com\/en\/wp-json\/wp\/v2\/product_tag?post=7313"}],"curies":[{"name":"wp","href":"https:\/\/api.w.org\/{rel}","templated":true}]}}