{"id":7315,"date":"2024-09-19T16:46:09","date_gmt":"2024-09-19T13:46:09","guid":{"rendered":"https:\/\/petityu.com\/super-mario-buyuk-cift-fermuar-kalem-kutu\/"},"modified":"2026-04-08T15:52:16","modified_gmt":"2026-04-08T12:52:16","slug":"super-mario-buyuk-cift-fermuar-kalem-kutu","status":"publish","type":"product","link":"https:\/\/petityu.com\/en\/super-mario-buyuk-cift-fermuar-kalem-kutu\/","title":{"rendered":"Super Mario B\u00fcy\u00fck \u00c7ift Fermuar Kalem Kutu"},"content":{"rendered":"<div ><ul><li>Super Mario kalem kutu renkli yumu\u015fak dayan\u0131kl\u0131 kuma\u015f <br><\/li><li>\u00e7ift fermuarl\u0131 b\u00fcy\u00fck kapasiteli Super Mario kalem kutu<\/li><\/ul><div><br><\/div><\/div>","protected":false},"excerpt":{"rendered":"<p>Super Mario kalem kutu renkli yumu\u015fak dayan\u0131kl\u0131 kuma\u015f \u00e7ift fermuarl\u0131 b\u00fcy\u00fck kapasiteli Super Mario kalem kutu<\/p>","protected":false},"featured_media":7314,"template":"","meta":[],"product_brand":[],"product_cat":[936,15,999],"product_tag":[],"class_list":{"0":"post-7315","1":"product","2":"type-product","3":"status-publish","4":"has-post-thumbnail","6":"product_cat-erkekcocuk","7":"product_cat-genel","8":"product_cat-kalem-kutusu-erkekcocuk","10":"first","11":"instock","12":"taxable","13":"shipping-taxable","14":"purchasable","15":"product-type-simple"},"_links":{"self":[{"href":"https:\/\/petityu.com\/en\/wp-json\/wp\/v2\/product\/7315","targetHints":{"allow":["GET"]}}],"collection":[{"href":"https:\/\/petityu.com\/en\/wp-json\/wp\/v2\/product"}],"about":[{"href":"https:\/\/petityu.com\/en\/wp-json\/wp\/v2\/types\/product"}],"wp:featuredmedia":[{"embeddable":true,"href":"https:\/\/petityu.com\/en\/wp-json\/wp\/v2\/media\/7314"}],"wp:attachment":[{"href":"https:\/\/petityu.com\/en\/wp-json\/wp\/v2\/media?parent=7315"}],"wp:term":[{"taxonomy":"product_brand","embeddable":true,"href":"https:\/\/petityu.com\/en\/wp-json\/wp\/v2\/product_brand?post=7315"},{"taxonomy":"product_cat","embeddable":true,"href":"https:\/\/petityu.com\/en\/wp-json\/wp\/v2\/product_cat?post=7315"},{"taxonomy":"product_tag","embeddable":true,"href":"https:\/\/petityu.com\/en\/wp-json\/wp\/v2\/product_tag?post=7315"}],"curies":[{"name":"wp","href":"https:\/\/api.w.org\/{rel}","templated":true}]}}