{"id":7317,"date":"2024-09-19T16:46:18","date_gmt":"2024-09-19T13:46:18","guid":{"rendered":"https:\/\/petityu.com\/unicorn-fusya-pembe-cupcake-3d-dikdortgen-buyuk-kapasiteli-kiz-cocuk-kalem-kutu\/"},"modified":"2026-04-08T15:54:48","modified_gmt":"2026-04-08T12:54:48","slug":"unicorn-fusya-pembe-cupcake-3d-dikdortgen-buyuk-kapasiteli-kiz-cocuk-kalem-kutu","status":"publish","type":"product","link":"https:\/\/petityu.com\/en\/unicorn-fusya-pembe-cupcake-3d-dikdortgen-buyuk-kapasiteli-kiz-cocuk-kalem-kutu\/","title":{"rendered":"Petityu Unicorn Fu\u015fya Pembe Cupcake 3D Dikd\u00f6rtgen B\u00fcy\u00fck Kapasiteli K\u0131z \u00c7ocuk Kalem Kutu"},"content":{"rendered":"<div ><ul><li>pembe unicorn by\u00fck kapasiteli kalem kutu<\/li><li>cupcake unicorn 3d kalem kutu<\/li><li>k\u0131z cocuk unicorn kalem kutu<\/li><\/ul><div>&nbsp;<\/div><\/div>","protected":false},"excerpt":{"rendered":"<p>pembe unicorn by\u00fck kapasiteli kalem kutucupcake unicorn 3d kalem kutuk\u0131z cocuk unicorn kalem kutu&nbsp;<\/p>","protected":false},"featured_media":7316,"template":"","meta":[],"product_brand":[],"product_cat":[15,980,935],"product_tag":[],"class_list":{"0":"post-7317","1":"product","2":"type-product","3":"status-publish","4":"has-post-thumbnail","6":"product_cat-genel","7":"product_cat-kalem-kutusu-kizcocuk","8":"product_cat-kizcocuk","10":"first","11":"instock","12":"taxable","13":"shipping-taxable","14":"purchasable","15":"product-type-simple"},"_links":{"self":[{"href":"https:\/\/petityu.com\/en\/wp-json\/wp\/v2\/product\/7317","targetHints":{"allow":["GET"]}}],"collection":[{"href":"https:\/\/petityu.com\/en\/wp-json\/wp\/v2\/product"}],"about":[{"href":"https:\/\/petityu.com\/en\/wp-json\/wp\/v2\/types\/product"}],"wp:featuredmedia":[{"embeddable":true,"href":"https:\/\/petityu.com\/en\/wp-json\/wp\/v2\/media\/7316"}],"wp:attachment":[{"href":"https:\/\/petityu.com\/en\/wp-json\/wp\/v2\/media?parent=7317"}],"wp:term":[{"taxonomy":"product_brand","embeddable":true,"href":"https:\/\/petityu.com\/en\/wp-json\/wp\/v2\/product_brand?post=7317"},{"taxonomy":"product_cat","embeddable":true,"href":"https:\/\/petityu.com\/en\/wp-json\/wp\/v2\/product_cat?post=7317"},{"taxonomy":"product_tag","embeddable":true,"href":"https:\/\/petityu.com\/en\/wp-json\/wp\/v2\/product_tag?post=7317"}],"curies":[{"name":"wp","href":"https:\/\/api.w.org\/{rel}","templated":true}]}}