{"id":7320,"date":"2024-09-19T16:46:33","date_gmt":"2024-09-19T13:46:33","guid":{"rendered":"https:\/\/petityu.com\/kuromi-3ds-stres-oyuncakli-sirin-kiz-cocuk-kalem-kutu\/"},"modified":"2025-12-01T11:18:37","modified_gmt":"2025-12-01T08:18:37","slug":"kuromi-3ds-stres-oyuncakli-sirin-kiz-cocuk-kalem-kutu","status":"publish","type":"product","link":"https:\/\/petityu.com\/en\/kuromi-3ds-stres-oyuncakli-sirin-kiz-cocuk-kalem-kutu\/","title":{"rendered":"Kuromi 3ds stres oyuncakl\u0131 \u015firin k\u0131z \u00e7ocuk kalem kutu"},"content":{"rendered":"<div ><br \/>\n<ul><br \/>\n<li>kuromi k\u0131z \u00e7ocuk mor kalem kutu <br><\/li><br \/>\n<li>3d k\u0131z \u00e7ocuk kalem kutu <br><\/li><br \/>\n<li>b\u00fcy\u00fck boy kalem kutu <br><\/li><br \/>\n<li>k\u0131z \u00e7ocuk \u00e7ift fermuarl\u0131 kalem kutu<\/li><\/ul><br \/>\n<div><br><\/div><\/div>","protected":false},"excerpt":{"rendered":"<p>kuromi k\u0131z \u00e7ocuk mor kalem kutu 3d k\u0131z \u00e7ocuk kalem kutu b\u00fcy\u00fck boy kalem kutu k\u0131z \u00e7ocuk \u00e7ift fermuarl\u0131 kalem kutu<\/p>","protected":false},"featured_media":7318,"template":"","meta":[],"product_brand":[],"product_cat":[15,980,935],"product_tag":[],"class_list":{"0":"post-7320","1":"product","2":"type-product","3":"status-publish","4":"has-post-thumbnail","6":"product_cat-genel","7":"product_cat-kalem-kutusu-kizcocuk","8":"product_cat-kizcocuk","10":"first","11":"instock","12":"taxable","13":"shipping-taxable","14":"purchasable","15":"product-type-simple"},"_links":{"self":[{"href":"https:\/\/petityu.com\/en\/wp-json\/wp\/v2\/product\/7320","targetHints":{"allow":["GET"]}}],"collection":[{"href":"https:\/\/petityu.com\/en\/wp-json\/wp\/v2\/product"}],"about":[{"href":"https:\/\/petityu.com\/en\/wp-json\/wp\/v2\/types\/product"}],"wp:featuredmedia":[{"embeddable":true,"href":"https:\/\/petityu.com\/en\/wp-json\/wp\/v2\/media\/7318"}],"wp:attachment":[{"href":"https:\/\/petityu.com\/en\/wp-json\/wp\/v2\/media?parent=7320"}],"wp:term":[{"taxonomy":"product_brand","embeddable":true,"href":"https:\/\/petityu.com\/en\/wp-json\/wp\/v2\/product_brand?post=7320"},{"taxonomy":"product_cat","embeddable":true,"href":"https:\/\/petityu.com\/en\/wp-json\/wp\/v2\/product_cat?post=7320"},{"taxonomy":"product_tag","embeddable":true,"href":"https:\/\/petityu.com\/en\/wp-json\/wp\/v2\/product_tag?post=7320"}],"curies":[{"name":"wp","href":"https:\/\/api.w.org\/{rel}","templated":true}]}}