{"id":7322,"date":"2024-09-19T16:46:42","date_gmt":"2024-09-19T13:46:42","guid":{"rendered":"https:\/\/petityu.com\/my-melody-canta-seklinde-3d-anti-stres-oyuncakli-sanrio-pembe-kalem-kutu\/"},"modified":"2026-04-08T15:58:20","modified_gmt":"2026-04-08T12:58:20","slug":"my-melody-canta-seklinde-3d-anti-stres-oyuncakli-sanrio-pembe-kalem-kutu","status":"publish","type":"product","link":"https:\/\/petityu.com\/en\/my-melody-canta-seklinde-3d-anti-stres-oyuncakli-sanrio-pembe-kalem-kutu\/","title":{"rendered":"My Melody \u00e7anta \u015feklinde 3D anti stres oyuncakl\u0131 sanrio pembe kalem kutu"},"content":{"rendered":"<div ><ul><li>KIZ \u00c7OCUK A\u015eIRI \u015e\u0130R\u0130N BUYUK \u00c7ANTA \u015eEKL\u0130NDE KALEM KUTU <br><\/li><li>pembe sanrio my melody kalem kutu kawaii kuromi<\/li><\/ul><div><br><\/div><\/div>","protected":false},"excerpt":{"rendered":"<p>KIZ \u00c7OCUK A\u015eIRI \u015e\u0130R\u0130N BUYUK \u00c7ANTA \u015eEKL\u0130NDE KALEM KUTU pembe sanrio my melody kalem kutu kawaii kuromi<\/p>","protected":false},"featured_media":7321,"template":"","meta":[],"product_brand":[],"product_cat":[15,980,935],"product_tag":[],"class_list":{"0":"post-7322","1":"product","2":"type-product","3":"status-publish","4":"has-post-thumbnail","6":"product_cat-genel","7":"product_cat-kalem-kutusu-kizcocuk","8":"product_cat-kizcocuk","10":"first","11":"instock","12":"featured","13":"taxable","14":"shipping-taxable","15":"purchasable","16":"product-type-simple"},"_links":{"self":[{"href":"https:\/\/petityu.com\/en\/wp-json\/wp\/v2\/product\/7322","targetHints":{"allow":["GET"]}}],"collection":[{"href":"https:\/\/petityu.com\/en\/wp-json\/wp\/v2\/product"}],"about":[{"href":"https:\/\/petityu.com\/en\/wp-json\/wp\/v2\/types\/product"}],"wp:featuredmedia":[{"embeddable":true,"href":"https:\/\/petityu.com\/en\/wp-json\/wp\/v2\/media\/7321"}],"wp:attachment":[{"href":"https:\/\/petityu.com\/en\/wp-json\/wp\/v2\/media?parent=7322"}],"wp:term":[{"taxonomy":"product_brand","embeddable":true,"href":"https:\/\/petityu.com\/en\/wp-json\/wp\/v2\/product_brand?post=7322"},{"taxonomy":"product_cat","embeddable":true,"href":"https:\/\/petityu.com\/en\/wp-json\/wp\/v2\/product_cat?post=7322"},{"taxonomy":"product_tag","embeddable":true,"href":"https:\/\/petityu.com\/en\/wp-json\/wp\/v2\/product_tag?post=7322"}],"curies":[{"name":"wp","href":"https:\/\/api.w.org\/{rel}","templated":true}]}}