{"id":7324,"date":"2024-09-19T16:46:53","date_gmt":"2024-09-19T13:46:53","guid":{"rendered":"https:\/\/petityu.com\/kirmizi-fermuarli-astranot-uzay-erkek-cocuk-kalem-kutusu\/"},"modified":"2026-04-08T16:07:52","modified_gmt":"2026-04-08T13:07:52","slug":"kirmizi-fermuarli-astranot-uzay-erkek-cocuk-kalem-kutusu","status":"publish","type":"product","link":"https:\/\/petityu.com\/en\/kirmizi-fermuarli-astranot-uzay-erkek-cocuk-kalem-kutusu\/","title":{"rendered":"Petityu K\u0131rm\u0131z\u0131 Fermuarl\u0131 Astronot Uzay Erkek \u00c7ocuk Kalem Kutusu"},"content":{"rendered":"<div ><ul><li>k\u0131rm\u0131z\u0131 fermuarl\u0131 b\u00fcy\u00fck boy erkek \u00e7ocuk kalem kutu <br><\/li><li>lacivert uzay kalem kutu <br><\/li><li>astronot buyuk dikdortgen kalem kutu<\/li><\/ul><div><br><\/div><\/div>","protected":false},"excerpt":{"rendered":"<p>k\u0131rm\u0131z\u0131 fermuarl\u0131 b\u00fcy\u00fck boy erkek \u00e7ocuk kalem kutu lacivert uzay kalem kutu astronot buyuk dikdortgen kalem kutu<\/p>","protected":false},"featured_media":7323,"template":"","meta":[],"product_brand":[],"product_cat":[15,936,999],"product_tag":[],"class_list":{"0":"post-7324","1":"product","2":"type-product","3":"status-publish","4":"has-post-thumbnail","6":"product_cat-genel","7":"product_cat-erkekcocuk","8":"product_cat-kalem-kutusu-erkekcocuk","10":"first","11":"instock","12":"taxable","13":"shipping-taxable","14":"purchasable","15":"product-type-simple"},"_links":{"self":[{"href":"https:\/\/petityu.com\/en\/wp-json\/wp\/v2\/product\/7324","targetHints":{"allow":["GET"]}}],"collection":[{"href":"https:\/\/petityu.com\/en\/wp-json\/wp\/v2\/product"}],"about":[{"href":"https:\/\/petityu.com\/en\/wp-json\/wp\/v2\/types\/product"}],"wp:featuredmedia":[{"embeddable":true,"href":"https:\/\/petityu.com\/en\/wp-json\/wp\/v2\/media\/7323"}],"wp:attachment":[{"href":"https:\/\/petityu.com\/en\/wp-json\/wp\/v2\/media?parent=7324"}],"wp:term":[{"taxonomy":"product_brand","embeddable":true,"href":"https:\/\/petityu.com\/en\/wp-json\/wp\/v2\/product_brand?post=7324"},{"taxonomy":"product_cat","embeddable":true,"href":"https:\/\/petityu.com\/en\/wp-json\/wp\/v2\/product_cat?post=7324"},{"taxonomy":"product_tag","embeddable":true,"href":"https:\/\/petityu.com\/en\/wp-json\/wp\/v2\/product_tag?post=7324"}],"curies":[{"name":"wp","href":"https:\/\/api.w.org\/{rel}","templated":true}]}}