{"id":7326,"date":"2024-09-19T16:47:02","date_gmt":"2024-09-19T13:47:02","guid":{"rendered":"https:\/\/petityu.com\/unicorn-baskili-lila-pufudik-mont\/"},"modified":"2026-04-08T16:11:13","modified_gmt":"2026-04-08T13:11:13","slug":"unicorn-baskili-lila-pufudik-mont","status":"publish","type":"product","link":"https:\/\/petityu.com\/en\/unicorn-baskili-lila-pufudik-mont\/","title":{"rendered":"Petityu Unicorn Bask\u0131l\u0131 Lila Pufudik Mont 4-5 Ya\u015f"},"content":{"rendered":"<p>Her ya\u015f grubuna hitap eden, unicorn temal\u0131 lila mont, \u00e7ocuklar\u0131n hayal d\u00fcnyas\u0131n\u0131 renklendirir.; Regular boy kesimi ile rahat bir kullan\u0131m sunar.; Elyafl\u0131 dolgu tekni\u011fi sayesinde s\u0131cak tutar ve yumu\u015fak bir dokunu\u015f sa\u011flar.; Allover bask\u0131l\u0131 deseniyle canl\u0131 ve e\u011flenceli bir g\u00f6r\u00fcn\u00fcm kazand\u0131r\u0131r.; Ask\u0131l\u0131 kol tasar\u0131m\u0131 hareket \u00f6zg\u00fcrl\u00fc\u011f\u00fc verir ve serin havalarda bile konforlu bir deneyim sunar.; Dokuma kuma\u015f yap\u0131s\u0131 dayan\u0131kl\u0131d\u0131r ve uzun s\u00fcreli kullan\u0131m i\u00e7in idealdir.; Straight silueti sayesinde modern ve \u015f\u0131k bir duru\u015f sergiler.; Bask\u0131l\u0131 deseniyle \u00e7ocuklar\u0131n ilgisini \u00e7ekerek tarz sahibi g\u00f6r\u00fcnmelerini sa\u011flar.; Straight kal\u0131b\u0131, v\u00fccuda tam oturan ancak s\u0131k\u0131\u015ft\u0131rmayan rahat bir yap\u0131ya sahiptir.;<\/p>","protected":false},"excerpt":{"rendered":"<p>Her ya\u015f grubuna hitap eden, unicorn temal\u0131 lila mont, \u00e7ocuklar\u0131n hayal d\u00fcnyas\u0131n\u0131 renklendirir.; Regular boy kesimi ile rahat bir kullan\u0131m sunar.; Elyafl\u0131 dolgu tekni\u011fi sayesinde&hellip;<\/p>","protected":false},"featured_media":7325,"template":"","meta":[],"product_brand":[],"product_cat":[15,935,983],"product_tag":[],"class_list":{"0":"post-7326","1":"product","2":"type-product","3":"status-publish","4":"has-post-thumbnail","6":"product_cat-genel","7":"product_cat-kizcocuk","8":"product_cat-mont-puffy-yelek","10":"first","11":"instock","12":"taxable","13":"shipping-taxable","14":"purchasable","15":"product-type-simple"},"_links":{"self":[{"href":"https:\/\/petityu.com\/en\/wp-json\/wp\/v2\/product\/7326","targetHints":{"allow":["GET"]}}],"collection":[{"href":"https:\/\/petityu.com\/en\/wp-json\/wp\/v2\/product"}],"about":[{"href":"https:\/\/petityu.com\/en\/wp-json\/wp\/v2\/types\/product"}],"wp:featuredmedia":[{"embeddable":true,"href":"https:\/\/petityu.com\/en\/wp-json\/wp\/v2\/media\/7325"}],"wp:attachment":[{"href":"https:\/\/petityu.com\/en\/wp-json\/wp\/v2\/media?parent=7326"}],"wp:term":[{"taxonomy":"product_brand","embeddable":true,"href":"https:\/\/petityu.com\/en\/wp-json\/wp\/v2\/product_brand?post=7326"},{"taxonomy":"product_cat","embeddable":true,"href":"https:\/\/petityu.com\/en\/wp-json\/wp\/v2\/product_cat?post=7326"},{"taxonomy":"product_tag","embeddable":true,"href":"https:\/\/petityu.com\/en\/wp-json\/wp\/v2\/product_tag?post=7326"}],"curies":[{"name":"wp","href":"https:\/\/api.w.org\/{rel}","templated":true}]}}