{"id":7331,"date":"2024-09-19T16:47:27","date_gmt":"2024-09-19T13:47:27","guid":{"rendered":"https:\/\/petityu.com\/aciklaci-yesil-sari-beyaz-dino-ici-pufudik-sicak-tutan-yumusacik-su-gecirmez-kayak-eldiven\/"},"modified":"2026-02-17T12:02:43","modified_gmt":"2026-02-17T09:02:43","slug":"aciklaci-yesil-sari-beyaz-dino-ici-pufudik-sicak-tutan-yumusacik-su-gecirmez-kayak-eldiven","status":"publish","type":"product","link":"https:\/\/petityu.com\/en\/aciklaci-yesil-sari-beyaz-dino-ici-pufudik-sicak-tutan-yumusacik-su-gecirmez-kayak-eldiven\/","title":{"rendered":"Petityu A\u00e7\u0131k Lacivert Ye\u015fil Sar\u0131 Beyaz Dino \u0130\u00e7i Pufudik S\u0131cak Tutan Yumu\u015fac\u0131k Su Ge\u00e7irmez Kayak Eldiven 3-7 ya\u015f"},"content":{"rendered":"<p>Petityu A&ccedil;\u0131k laci &uuml;st&uuml; ye\u015fil sar\u0131 beyaz Dino Ici Pufudik Sicak Tutan Yumusacik Su Gecirmez Eldiven<\/p>","protected":false},"excerpt":{"rendered":"<p>Petityu A&ccedil;\u0131k laci &uuml;st&uuml; ye\u015fil sar\u0131 beyaz Dino Ici Pufudik Sicak Tutan Yumusacik Su Gecirmez Eldiven<\/p>","protected":false},"featured_media":7917,"template":"","meta":[],"product_brand":[],"product_cat":[15,997,936],"product_tag":[],"class_list":{"0":"post-7331","1":"product","2":"type-product","3":"status-publish","4":"has-post-thumbnail","6":"product_cat-genel","7":"product_cat-atki-bere-eldiven","8":"product_cat-erkekcocuk","10":"first","11":"instock","12":"taxable","13":"shipping-taxable","14":"purchasable","15":"product-type-simple"},"_links":{"self":[{"href":"https:\/\/petityu.com\/en\/wp-json\/wp\/v2\/product\/7331","targetHints":{"allow":["GET"]}}],"collection":[{"href":"https:\/\/petityu.com\/en\/wp-json\/wp\/v2\/product"}],"about":[{"href":"https:\/\/petityu.com\/en\/wp-json\/wp\/v2\/types\/product"}],"wp:featuredmedia":[{"embeddable":true,"href":"https:\/\/petityu.com\/en\/wp-json\/wp\/v2\/media\/7917"}],"wp:attachment":[{"href":"https:\/\/petityu.com\/en\/wp-json\/wp\/v2\/media?parent=7331"}],"wp:term":[{"taxonomy":"product_brand","embeddable":true,"href":"https:\/\/petityu.com\/en\/wp-json\/wp\/v2\/product_brand?post=7331"},{"taxonomy":"product_cat","embeddable":true,"href":"https:\/\/petityu.com\/en\/wp-json\/wp\/v2\/product_cat?post=7331"},{"taxonomy":"product_tag","embeddable":true,"href":"https:\/\/petityu.com\/en\/wp-json\/wp\/v2\/product_tag?post=7331"}],"curies":[{"name":"wp","href":"https:\/\/api.w.org\/{rel}","templated":true}]}}