{"id":7335,"date":"2024-09-19T16:47:47","date_gmt":"2024-09-19T13:47:47","guid":{"rendered":"https:\/\/petityu.com\/pembe-orme-yumusacik-sicacik-eldiven-hello-kitty-my-melody-pembe-parmak-ucu-detay-3-8-yas\/"},"modified":"2026-03-28T21:24:44","modified_gmt":"2026-03-28T18:24:44","slug":"pembe-orme-yumusacik-sicacik-eldiven-hello-kitty-my-melody-pembe-parmak-ucu-detay-3-8-yas","status":"publish","type":"product","link":"https:\/\/petityu.com\/en\/pembe-orme-yumusacik-sicacik-eldiven-hello-kitty-my-melody-pembe-parmak-ucu-detay-3-8-yas\/","title":{"rendered":"Petityu Pembe \u00d6rme Yumu\u015fac\u0131k S\u0131cac\u0131k Eldiven Hello Kitty- My Melody &#8211; Pembe Parmak Ucu Detay 3-8 ya\u015f"},"content":{"rendered":"<p><p>Yumu\u015fac\u0131k \u00fcst\u00fc lastik my melody aplikeli a\u015f\u0131r\u0131 \u015firin s\u0131cac\u0131k tutan eldiven 3-8 ya\u015f eldiven<\/p><\/p>","protected":false},"excerpt":{"rendered":"<p>Yumu\u015fac\u0131k \u00fcst\u00fc lastik my melody aplikeli a\u015f\u0131r\u0131 \u015firin s\u0131cac\u0131k tutan eldiven 3-8 ya\u015f eldiven<\/p>","protected":false},"featured_media":7332,"template":"","meta":[],"product_brand":[],"product_cat":[981,15,935],"product_tag":[],"class_list":{"0":"post-7335","1":"product","2":"type-product","3":"status-publish","4":"has-post-thumbnail","6":"product_cat-bere-atki-eldiven","7":"product_cat-genel","8":"product_cat-kizcocuk","10":"first","11":"instock","12":"featured","13":"taxable","14":"shipping-taxable","15":"purchasable","16":"product-type-simple"},"_links":{"self":[{"href":"https:\/\/petityu.com\/en\/wp-json\/wp\/v2\/product\/7335","targetHints":{"allow":["GET"]}}],"collection":[{"href":"https:\/\/petityu.com\/en\/wp-json\/wp\/v2\/product"}],"about":[{"href":"https:\/\/petityu.com\/en\/wp-json\/wp\/v2\/types\/product"}],"wp:featuredmedia":[{"embeddable":true,"href":"https:\/\/petityu.com\/en\/wp-json\/wp\/v2\/media\/7332"}],"wp:attachment":[{"href":"https:\/\/petityu.com\/en\/wp-json\/wp\/v2\/media?parent=7335"}],"wp:term":[{"taxonomy":"product_brand","embeddable":true,"href":"https:\/\/petityu.com\/en\/wp-json\/wp\/v2\/product_brand?post=7335"},{"taxonomy":"product_cat","embeddable":true,"href":"https:\/\/petityu.com\/en\/wp-json\/wp\/v2\/product_cat?post=7335"},{"taxonomy":"product_tag","embeddable":true,"href":"https:\/\/petityu.com\/en\/wp-json\/wp\/v2\/product_tag?post=7335"}],"curies":[{"name":"wp","href":"https:\/\/api.w.org\/{rel}","templated":true}]}}