{"id":7343,"date":"2024-09-19T16:48:29","date_gmt":"2024-09-19T13:48:29","guid":{"rendered":"https:\/\/petityu.com\/sugecirmez-erkek-cocuk-bere-eldiven-set-2-4-yas-kayak-snowboard-lacivert-renkli-dino\/"},"modified":"2026-02-27T15:33:59","modified_gmt":"2026-02-27T12:33:59","slug":"sugecirmez-erkek-cocuk-bere-eldiven-set-2-4-yas-kayak-snowboard-lacivert-renkli-dino","status":"publish","type":"product","link":"https:\/\/petityu.com\/en\/sugecirmez-erkek-cocuk-bere-eldiven-set-2-4-yas-kayak-snowboard-lacivert-renkli-dino\/","title":{"rendered":"Su Ge\u00e7irmez Erkek \u00c7ocuk Bere Eldiven Set 2-4 Ya\u015f Kayak Snowboard Lacivert Renkli Dino"},"content":{"rendered":"<p><p>suge\u00e7irmez erkek \u00e7ocuk bere eldiven set i\u00e7 k\u00fcrkl\u00fc bere eldiven set yumu\u015fac\u0131k bere eldiven set s\u0131cac\u0131k bere eldiven set snowboard ve kayak kullan\u0131m\u0131na uygundur<\/p><\/p>","protected":false},"excerpt":{"rendered":"<p>suge\u00e7irmez erkek \u00e7ocuk bere eldiven set i\u00e7 k\u00fcrkl\u00fc bere eldiven set yumu\u015fac\u0131k bere eldiven set s\u0131cac\u0131k bere eldiven set snowboard ve kayak kullan\u0131m\u0131na uygundur<\/p>","protected":false},"featured_media":7340,"template":"","meta":[],"product_brand":[],"product_cat":[15,997,936],"product_tag":[],"class_list":{"0":"post-7343","1":"product","2":"type-product","3":"status-publish","4":"has-post-thumbnail","6":"product_cat-genel","7":"product_cat-atki-bere-eldiven","8":"product_cat-erkekcocuk","10":"first","11":"outofstock","12":"taxable","13":"shipping-taxable","14":"purchasable","15":"product-type-simple"},"_links":{"self":[{"href":"https:\/\/petityu.com\/en\/wp-json\/wp\/v2\/product\/7343","targetHints":{"allow":["GET"]}}],"collection":[{"href":"https:\/\/petityu.com\/en\/wp-json\/wp\/v2\/product"}],"about":[{"href":"https:\/\/petityu.com\/en\/wp-json\/wp\/v2\/types\/product"}],"wp:featuredmedia":[{"embeddable":true,"href":"https:\/\/petityu.com\/en\/wp-json\/wp\/v2\/media\/7340"}],"wp:attachment":[{"href":"https:\/\/petityu.com\/en\/wp-json\/wp\/v2\/media?parent=7343"}],"wp:term":[{"taxonomy":"product_brand","embeddable":true,"href":"https:\/\/petityu.com\/en\/wp-json\/wp\/v2\/product_brand?post=7343"},{"taxonomy":"product_cat","embeddable":true,"href":"https:\/\/petityu.com\/en\/wp-json\/wp\/v2\/product_cat?post=7343"},{"taxonomy":"product_tag","embeddable":true,"href":"https:\/\/petityu.com\/en\/wp-json\/wp\/v2\/product_tag?post=7343"}],"curies":[{"name":"wp","href":"https:\/\/api.w.org\/{rel}","templated":true}]}}