{"id":7345,"date":"2024-09-19T16:48:39","date_gmt":"2024-09-19T13:48:39","guid":{"rendered":"https:\/\/petityu.com\/sugecirmez-kiz-cocuk-bere-eldiven-set-1-4-yas-kayak-snowboard-mavi-deniz-canlilari\/"},"modified":"2026-01-05T16:32:55","modified_gmt":"2026-01-05T13:32:55","slug":"sugecirmez-kiz-cocuk-bere-eldiven-set-1-4-yas-kayak-snowboard-mavi-deniz-canlilari","status":"publish","type":"product","link":"https:\/\/petityu.com\/en\/sugecirmez-kiz-cocuk-bere-eldiven-set-1-4-yas-kayak-snowboard-mavi-deniz-canlilari\/","title":{"rendered":"Petityu Su Ge\u00e7irmez Bere Eldiven Set 2-4 Ya\u015f Kayak Snowboard Mavi Deniz Canl\u0131lar\u0131"},"content":{"rendered":"<p>su ge\u00e7irmez eldiven bere set i\u00e7i k\u00fcrkl\u00fc s\u0131cac\u0131k tutan bere eldiven set yumu\u015fac\u0131k s\u0131cac\u0131k ebru eldiven set 2-4 yas bere eldiven set<\/p>","protected":false},"excerpt":{"rendered":"<p>su ge\u00e7irmez eldiven bere set i\u00e7i k\u00fcrkl\u00fc s\u0131cac\u0131k tutan bere eldiven set yumu\u015fac\u0131k s\u0131cac\u0131k ebru eldiven set 2-4 yas bere eldiven set<\/p>","protected":false},"featured_media":7344,"template":"","meta":[],"product_brand":[],"product_cat":[15,997,936],"product_tag":[],"class_list":{"0":"post-7345","1":"product","2":"type-product","3":"status-publish","4":"has-post-thumbnail","6":"product_cat-genel","7":"product_cat-atki-bere-eldiven","8":"product_cat-erkekcocuk","10":"first","11":"instock","12":"taxable","13":"shipping-taxable","14":"purchasable","15":"product-type-simple"},"_links":{"self":[{"href":"https:\/\/petityu.com\/en\/wp-json\/wp\/v2\/product\/7345","targetHints":{"allow":["GET"]}}],"collection":[{"href":"https:\/\/petityu.com\/en\/wp-json\/wp\/v2\/product"}],"about":[{"href":"https:\/\/petityu.com\/en\/wp-json\/wp\/v2\/types\/product"}],"wp:featuredmedia":[{"embeddable":true,"href":"https:\/\/petityu.com\/en\/wp-json\/wp\/v2\/media\/7344"}],"wp:attachment":[{"href":"https:\/\/petityu.com\/en\/wp-json\/wp\/v2\/media?parent=7345"}],"wp:term":[{"taxonomy":"product_brand","embeddable":true,"href":"https:\/\/petityu.com\/en\/wp-json\/wp\/v2\/product_brand?post=7345"},{"taxonomy":"product_cat","embeddable":true,"href":"https:\/\/petityu.com\/en\/wp-json\/wp\/v2\/product_cat?post=7345"},{"taxonomy":"product_tag","embeddable":true,"href":"https:\/\/petityu.com\/en\/wp-json\/wp\/v2\/product_tag?post=7345"}],"curies":[{"name":"wp","href":"https:\/\/api.w.org\/{rel}","templated":true}]}}