{"id":7348,"date":"2024-09-19T16:48:54","date_gmt":"2024-09-19T13:48:54","guid":{"rendered":"https:\/\/petityu.com\/sugecirmez-kiz-cocuk-bere-eldiven-set-1-4-yas-kayak-snowboard-mermaid-denizkizi\/"},"modified":"2026-02-27T17:19:31","modified_gmt":"2026-02-27T14:19:31","slug":"sugecirmez-kiz-cocuk-bere-eldiven-set-1-4-yas-kayak-snowboard-mermaid-denizkizi","status":"publish","type":"product","link":"https:\/\/petityu.com\/en\/sugecirmez-kiz-cocuk-bere-eldiven-set-1-4-yas-kayak-snowboard-mermaid-denizkizi\/","title":{"rendered":"Su Ge\u00e7irmez K\u0131z \u00c7ocuk Bere Eldiven Set 1-4 Ya\u015f Kayak Snowboard Mermaid Denizk\u0131z\u0131"},"content":{"rendered":"<p>suge\u00e7irmez k\u0131z \u00e7ocuk bere eldiven set i\u00e7i k\u00fcrkl\u00fc s\u0131cac\u0131k tutan yumu\u015fac\u0131k bere eldiven<\/p>","protected":false},"excerpt":{"rendered":"<p>suge\u00e7irmez k\u0131z \u00e7ocuk bere eldiven set i\u00e7i k\u00fcrkl\u00fc s\u0131cac\u0131k tutan yumu\u015fac\u0131k bere eldiven<\/p>","protected":false},"featured_media":7346,"template":"","meta":[],"product_brand":[],"product_cat":[997,981,936,15,935],"product_tag":[],"class_list":{"0":"post-7348","1":"product","2":"type-product","3":"status-publish","4":"has-post-thumbnail","6":"product_cat-atki-bere-eldiven","7":"product_cat-bere-atki-eldiven","8":"product_cat-erkekcocuk","9":"product_cat-genel","10":"product_cat-kizcocuk","12":"first","13":"instock","14":"taxable","15":"shipping-taxable","16":"purchasable","17":"product-type-simple"},"_links":{"self":[{"href":"https:\/\/petityu.com\/en\/wp-json\/wp\/v2\/product\/7348","targetHints":{"allow":["GET"]}}],"collection":[{"href":"https:\/\/petityu.com\/en\/wp-json\/wp\/v2\/product"}],"about":[{"href":"https:\/\/petityu.com\/en\/wp-json\/wp\/v2\/types\/product"}],"wp:featuredmedia":[{"embeddable":true,"href":"https:\/\/petityu.com\/en\/wp-json\/wp\/v2\/media\/7346"}],"wp:attachment":[{"href":"https:\/\/petityu.com\/en\/wp-json\/wp\/v2\/media?parent=7348"}],"wp:term":[{"taxonomy":"product_brand","embeddable":true,"href":"https:\/\/petityu.com\/en\/wp-json\/wp\/v2\/product_brand?post=7348"},{"taxonomy":"product_cat","embeddable":true,"href":"https:\/\/petityu.com\/en\/wp-json\/wp\/v2\/product_cat?post=7348"},{"taxonomy":"product_tag","embeddable":true,"href":"https:\/\/petityu.com\/en\/wp-json\/wp\/v2\/product_tag?post=7348"}],"curies":[{"name":"wp","href":"https:\/\/api.w.org\/{rel}","templated":true}]}}