{"id":7351,"date":"2024-09-19T16:49:09","date_gmt":"2024-09-19T13:49:09","guid":{"rendered":"https:\/\/petityu.com\/sugecirmez-erkek-cocuk-bere-eldiven-set-1-4-yas-kayak-snowboard-beyaz-ustu-renkli-dino\/"},"modified":"2026-01-05T16:33:51","modified_gmt":"2026-01-05T13:33:51","slug":"sugecirmez-erkek-cocuk-bere-eldiven-set-1-4-yas-kayak-snowboard-beyaz-ustu-renkli-dino","status":"publish","type":"product","link":"https:\/\/petityu.com\/en\/sugecirmez-erkek-cocuk-bere-eldiven-set-1-4-yas-kayak-snowboard-beyaz-ustu-renkli-dino\/","title":{"rendered":"suge\u00e7irmez erkek \u00e7ocuk bere eldiven set 1-4 yas kayak snowboard beyaz \u00fcst\u00fc renkli Dino"},"content":{"rendered":"<p>suge\u00e7irmez bere eldiven set 1-4 yas kayak snowboard karda kullan\u0131m\u0131na uygun i\u00e7i kurklu yumu\u015fac\u0131k suge\u00e7irmez erkek bere ve eldiven set<\/p>","protected":false},"excerpt":{"rendered":"<p>suge\u00e7irmez bere eldiven set 1-4 yas kayak snowboard karda kullan\u0131m\u0131na uygun i\u00e7i kurklu yumu\u015fac\u0131k suge\u00e7irmez erkek bere ve eldiven set<\/p>","protected":false},"featured_media":7349,"template":"","meta":[],"product_brand":[],"product_cat":[15,997,936],"product_tag":[],"class_list":{"0":"post-7351","1":"product","2":"type-product","3":"status-publish","4":"has-post-thumbnail","6":"product_cat-genel","7":"product_cat-atki-bere-eldiven","8":"product_cat-erkekcocuk","10":"first","11":"outofstock","12":"taxable","13":"shipping-taxable","14":"purchasable","15":"product-type-simple"},"_links":{"self":[{"href":"https:\/\/petityu.com\/en\/wp-json\/wp\/v2\/product\/7351","targetHints":{"allow":["GET"]}}],"collection":[{"href":"https:\/\/petityu.com\/en\/wp-json\/wp\/v2\/product"}],"about":[{"href":"https:\/\/petityu.com\/en\/wp-json\/wp\/v2\/types\/product"}],"wp:featuredmedia":[{"embeddable":true,"href":"https:\/\/petityu.com\/en\/wp-json\/wp\/v2\/media\/7349"}],"wp:attachment":[{"href":"https:\/\/petityu.com\/en\/wp-json\/wp\/v2\/media?parent=7351"}],"wp:term":[{"taxonomy":"product_brand","embeddable":true,"href":"https:\/\/petityu.com\/en\/wp-json\/wp\/v2\/product_brand?post=7351"},{"taxonomy":"product_cat","embeddable":true,"href":"https:\/\/petityu.com\/en\/wp-json\/wp\/v2\/product_cat?post=7351"},{"taxonomy":"product_tag","embeddable":true,"href":"https:\/\/petityu.com\/en\/wp-json\/wp\/v2\/product_tag?post=7351"}],"curies":[{"name":"wp","href":"https:\/\/api.w.org\/{rel}","templated":true}]}}