{"id":7355,"date":"2024-09-19T16:49:28","date_gmt":"2024-09-19T13:49:28","guid":{"rendered":"https:\/\/petityu.com\/yumusacik-sicacik-tutan-2-5-yas-orme-sirin-esnek-kiz-cocuk-sirin-eldiven\/"},"modified":"2025-08-21T14:26:05","modified_gmt":"2025-08-21T11:26:05","slug":"yumusacik-sicacik-tutan-2-5-yas-orme-sirin-esnek-kiz-cocuk-sirin-eldiven","status":"publish","type":"product","link":"https:\/\/petityu.com\/en\/yumusacik-sicacik-tutan-2-5-yas-orme-sirin-esnek-kiz-cocuk-sirin-eldiven\/","title":{"rendered":"yumu\u015fac\u0131k s\u0131cac\u0131k tutan 2-5 ya\u015f \u00f6rme \u015firin esnek k\u0131z \u00e7ocuk \u015firin eldiven"},"content":{"rendered":"<p>ELD\u0130VEN 2-5 YA\u015e SICACIK TUTAN esnek a\u00e7\u0131k pembe a\u00e7\u0131k mavi<\/p>","protected":false},"excerpt":{"rendered":"<p>ELD\u0130VEN 2-5 YA\u015e SICACIK TUTAN esnek a\u00e7\u0131k pembe a\u00e7\u0131k mavi<\/p>","protected":false},"featured_media":7354,"template":"","meta":[],"product_brand":[],"product_cat":[981,15,935],"product_tag":[],"class_list":{"0":"post-7355","1":"product","2":"type-product","3":"status-publish","4":"has-post-thumbnail","6":"product_cat-bere-atki-eldiven","7":"product_cat-genel","8":"product_cat-kizcocuk","10":"first","11":"outofstock","12":"taxable","13":"shipping-taxable","14":"purchasable","15":"product-type-simple"},"_links":{"self":[{"href":"https:\/\/petityu.com\/en\/wp-json\/wp\/v2\/product\/7355","targetHints":{"allow":["GET"]}}],"collection":[{"href":"https:\/\/petityu.com\/en\/wp-json\/wp\/v2\/product"}],"about":[{"href":"https:\/\/petityu.com\/en\/wp-json\/wp\/v2\/types\/product"}],"wp:featuredmedia":[{"embeddable":true,"href":"https:\/\/petityu.com\/en\/wp-json\/wp\/v2\/media\/7354"}],"wp:attachment":[{"href":"https:\/\/petityu.com\/en\/wp-json\/wp\/v2\/media?parent=7355"}],"wp:term":[{"taxonomy":"product_brand","embeddable":true,"href":"https:\/\/petityu.com\/en\/wp-json\/wp\/v2\/product_brand?post=7355"},{"taxonomy":"product_cat","embeddable":true,"href":"https:\/\/petityu.com\/en\/wp-json\/wp\/v2\/product_cat?post=7355"},{"taxonomy":"product_tag","embeddable":true,"href":"https:\/\/petityu.com\/en\/wp-json\/wp\/v2\/product_tag?post=7355"}],"curies":[{"name":"wp","href":"https:\/\/api.w.org\/{rel}","templated":true}]}}