{"id":7357,"date":"2024-09-19T16:49:39","date_gmt":"2024-09-19T13:49:39","guid":{"rendered":"https:\/\/petityu.com\/yumusacik-yun-orgu-eldiven-pembe-kalp-yas-24lgkalppembeknit\/"},"modified":"2026-02-25T10:33:35","modified_gmt":"2026-02-25T07:33:35","slug":"yumusacik-yun-orgu-eldiven-pembe-kalp-yas-24lgkalppembeknit","status":"publish","type":"product","link":"https:\/\/petityu.com\/en\/yumusacik-yun-orgu-eldiven-pembe-kalp-yas-24lgkalppembeknit\/","title":{"rendered":"Petityu Yumu\u015fac\u0131k Y\u00fcn \u00d6rgu Eldiven Pembe Kalp 1-3 Ya\u015f"},"content":{"rendered":"<p>Yumu\u015fac\u0131k k\u0131z \u00e7ocuk eldiven S\u0131cac\u0131k tutan Esnek 1-3 ya\u015f eldiven<\/p>","protected":false},"excerpt":{"rendered":"<p>Yumu\u015fac\u0131k k\u0131z \u00e7ocuk eldiven S\u0131cac\u0131k tutan Esnek 1-3 ya\u015f eldiven<\/p>","protected":false},"featured_media":7356,"template":"","meta":[],"product_brand":[],"product_cat":[15,981,935],"product_tag":[],"class_list":{"0":"post-7357","1":"product","2":"type-product","3":"status-publish","4":"has-post-thumbnail","6":"product_cat-genel","7":"product_cat-bere-atki-eldiven","8":"product_cat-kizcocuk","10":"first","11":"instock","12":"taxable","13":"shipping-taxable","14":"purchasable","15":"product-type-simple"},"_links":{"self":[{"href":"https:\/\/petityu.com\/en\/wp-json\/wp\/v2\/product\/7357","targetHints":{"allow":["GET"]}}],"collection":[{"href":"https:\/\/petityu.com\/en\/wp-json\/wp\/v2\/product"}],"about":[{"href":"https:\/\/petityu.com\/en\/wp-json\/wp\/v2\/types\/product"}],"wp:featuredmedia":[{"embeddable":true,"href":"https:\/\/petityu.com\/en\/wp-json\/wp\/v2\/media\/7356"}],"wp:attachment":[{"href":"https:\/\/petityu.com\/en\/wp-json\/wp\/v2\/media?parent=7357"}],"wp:term":[{"taxonomy":"product_brand","embeddable":true,"href":"https:\/\/petityu.com\/en\/wp-json\/wp\/v2\/product_brand?post=7357"},{"taxonomy":"product_cat","embeddable":true,"href":"https:\/\/petityu.com\/en\/wp-json\/wp\/v2\/product_cat?post=7357"},{"taxonomy":"product_tag","embeddable":true,"href":"https:\/\/petityu.com\/en\/wp-json\/wp\/v2\/product_tag?post=7357"}],"curies":[{"name":"wp","href":"https:\/\/api.w.org\/{rel}","templated":true}]}}