{"id":7372,"date":"2024-09-19T16:51:03","date_gmt":"2024-09-19T13:51:03","guid":{"rendered":"https:\/\/petityu.com\/su-gecirmez-erkek-cocuk-bere-eldiven-set-4-8-yas-kayak-snowboard-bere-eldiven-gri-mavi-dino\/"},"modified":"2026-02-27T17:00:54","modified_gmt":"2026-02-27T14:00:54","slug":"su-gecirmez-erkek-cocuk-bere-eldiven-set-4-8-yas-kayak-snowboard-bere-eldiven-gri-mavi-dino","status":"publish","type":"product","link":"https:\/\/petityu.com\/en\/su-gecirmez-erkek-cocuk-bere-eldiven-set-4-8-yas-kayak-snowboard-bere-eldiven-gri-mavi-dino\/","title":{"rendered":"Su Ge\u00e7irmez Erkek \u00c7ocuk Bere Eldiven Set 4-8 Ya\u015f Kayak Snowboard Bere Eldiven Gri Mavi Dino"},"content":{"rendered":"<p><p>i\u00e7i k\u00fcrkl\u00fc su ge\u00e7irmez bere ve eldiven set i\u00e7i k\u00fcrkl\u00fc s\u0131cac\u0131k tutan kulaklar\u0131 koruyan su ge\u00e7irmez erkek \u00e7ocuk bere i\u00e7i k\u00fcrkl\u00fc s\u0131cac\u0131k tutan su ge\u00e7irmez eldiven Kayak- snowboard eldiveni G\u00fcnl\u00fck de kullan\u0131labilir<\/p><\/p>","protected":false},"excerpt":{"rendered":"<p>i\u00e7i k\u00fcrkl\u00fc su ge\u00e7irmez bere ve eldiven set i\u00e7i k\u00fcrkl\u00fc s\u0131cac\u0131k tutan kulaklar\u0131 koruyan su ge\u00e7irmez erkek \u00e7ocuk bere i\u00e7i k\u00fcrkl\u00fc s\u0131cac\u0131k tutan su ge\u00e7irmez&hellip;<\/p>","protected":false},"featured_media":7368,"template":"","meta":[],"product_brand":[],"product_cat":[997,936,15],"product_tag":[],"class_list":{"0":"post-7372","1":"product","2":"type-product","3":"status-publish","4":"has-post-thumbnail","6":"product_cat-atki-bere-eldiven","7":"product_cat-erkekcocuk","8":"product_cat-genel","10":"first","11":"instock","12":"taxable","13":"shipping-taxable","14":"purchasable","15":"product-type-simple"},"_links":{"self":[{"href":"https:\/\/petityu.com\/en\/wp-json\/wp\/v2\/product\/7372","targetHints":{"allow":["GET"]}}],"collection":[{"href":"https:\/\/petityu.com\/en\/wp-json\/wp\/v2\/product"}],"about":[{"href":"https:\/\/petityu.com\/en\/wp-json\/wp\/v2\/types\/product"}],"wp:featuredmedia":[{"embeddable":true,"href":"https:\/\/petityu.com\/en\/wp-json\/wp\/v2\/media\/7368"}],"wp:attachment":[{"href":"https:\/\/petityu.com\/en\/wp-json\/wp\/v2\/media?parent=7372"}],"wp:term":[{"taxonomy":"product_brand","embeddable":true,"href":"https:\/\/petityu.com\/en\/wp-json\/wp\/v2\/product_brand?post=7372"},{"taxonomy":"product_cat","embeddable":true,"href":"https:\/\/petityu.com\/en\/wp-json\/wp\/v2\/product_cat?post=7372"},{"taxonomy":"product_tag","embeddable":true,"href":"https:\/\/petityu.com\/en\/wp-json\/wp\/v2\/product_tag?post=7372"}],"curies":[{"name":"wp","href":"https:\/\/api.w.org\/{rel}","templated":true}]}}