{"id":7382,"date":"2024-09-19T16:53:00","date_gmt":"2024-09-19T13:53:00","guid":{"rendered":"https:\/\/petityu.com\/su-gecirmez-kiz-cocuk-bere-eldiven-set-4-8-yas-kayak-ve-snowboard-bere-eldiveni-mor-denizkizi\/"},"modified":"2026-03-03T13:39:57","modified_gmt":"2026-03-03T10:39:57","slug":"su-gecirmez-kiz-cocuk-bere-eldiven-set-4-8-yas-kayak-ve-snowboard-bere-eldiveni-mor-denizkizi","status":"publish","type":"product","link":"https:\/\/petityu.com\/en\/su-gecirmez-kiz-cocuk-bere-eldiven-set-4-8-yas-kayak-ve-snowboard-bere-eldiveni-mor-denizkizi\/","title":{"rendered":"Su Ge\u00e7irmez K\u0131z \u00c7ocuk bere eldiven set 4-8 yas kayak ve snowboard bere eldiveni mor denizk\u0131z\u0131"},"content":{"rendered":"<p><p>i\u00e7i k\u00fcrkl\u00fc su ge\u00e7irmez bere ve eldiven set i\u00e7i k\u00fcrkl\u00fc s\u0131cac\u0131k tutan kulaklar\u0131 koruyan su ge\u00e7irmez k\u0131z \u00e7ocuk bere i\u00e7i k\u00fcrkl\u00fc s\u0131cac\u0131k tutan su ge\u00e7irmez eldiven Kayak- snowboard eldiveni G\u00fcnl\u00fck de kullan\u0131labilir<\/p><\/p>","protected":false},"excerpt":{"rendered":"<p>i\u00e7i k\u00fcrkl\u00fc su ge\u00e7irmez bere ve eldiven set i\u00e7i k\u00fcrkl\u00fc s\u0131cac\u0131k tutan kulaklar\u0131 koruyan su ge\u00e7irmez k\u0131z \u00e7ocuk bere i\u00e7i k\u00fcrkl\u00fc s\u0131cac\u0131k tutan su ge\u00e7irmez&hellip;<\/p>","protected":false},"featured_media":7378,"template":"","meta":[],"product_brand":[],"product_cat":[981,15,935],"product_tag":[],"class_list":{"0":"post-7382","1":"product","2":"type-product","3":"status-publish","4":"has-post-thumbnail","6":"product_cat-bere-atki-eldiven","7":"product_cat-genel","8":"product_cat-kizcocuk","10":"first","11":"instock","12":"featured","13":"taxable","14":"shipping-taxable","15":"purchasable","16":"product-type-simple"},"_links":{"self":[{"href":"https:\/\/petityu.com\/en\/wp-json\/wp\/v2\/product\/7382","targetHints":{"allow":["GET"]}}],"collection":[{"href":"https:\/\/petityu.com\/en\/wp-json\/wp\/v2\/product"}],"about":[{"href":"https:\/\/petityu.com\/en\/wp-json\/wp\/v2\/types\/product"}],"wp:featuredmedia":[{"embeddable":true,"href":"https:\/\/petityu.com\/en\/wp-json\/wp\/v2\/media\/7378"}],"wp:attachment":[{"href":"https:\/\/petityu.com\/en\/wp-json\/wp\/v2\/media?parent=7382"}],"wp:term":[{"taxonomy":"product_brand","embeddable":true,"href":"https:\/\/petityu.com\/en\/wp-json\/wp\/v2\/product_brand?post=7382"},{"taxonomy":"product_cat","embeddable":true,"href":"https:\/\/petityu.com\/en\/wp-json\/wp\/v2\/product_cat?post=7382"},{"taxonomy":"product_tag","embeddable":true,"href":"https:\/\/petityu.com\/en\/wp-json\/wp\/v2\/product_tag?post=7382"}],"curies":[{"name":"wp","href":"https:\/\/api.w.org\/{rel}","templated":true}]}}