{"id":7393,"date":"2024-09-19T16:55:02","date_gmt":"2024-09-19T13:55:02","guid":{"rendered":"https:\/\/petityu.com\/sugecirmez-kiz-cocuk-bere-eldiven-set-mint-pembe-flamingo-desenli-kayak-snowboard-4-8-yas\/"},"modified":"2026-04-09T15:54:21","modified_gmt":"2026-04-09T12:54:21","slug":"sugecirmez-kiz-cocuk-bere-eldiven-set-mint-pembe-flamingo-desenli-kayak-snowboard-4-8-yas","status":"publish","type":"product","link":"https:\/\/petityu.com\/en\/sugecirmez-kiz-cocuk-bere-eldiven-set-mint-pembe-flamingo-desenli-kayak-snowboard-4-8-yas\/","title":{"rendered":"Petityu Su Ge\u00e7irmez K\u0131z \u00c7ocuk Bere Eldiven Set Mint Pembe Flamingo Desenli Kayak Snowboard 4-8 Ya\u015f"},"content":{"rendered":"<p><p>i\u00e7i k\u00fcrkl\u00fc su ge\u00e7irmez bere ve eldiven set i\u00e7i k\u00fcrkl\u00fc s\u0131cac\u0131k tutan kulaklar\u0131 koruyan su ge\u00e7irmez k\u0131z \u00e7ocuk bere i\u00e7i k\u00fcrkl\u00fc s\u0131cac\u0131k tutan su ge\u00e7irmez eldiven Kayak- snowboard eldiveni G\u00fcnl\u00fck de kullan\u0131labilir<\/p><\/p>","protected":false},"excerpt":{"rendered":"<p>i\u00e7i k\u00fcrkl\u00fc su ge\u00e7irmez bere ve eldiven set i\u00e7i k\u00fcrkl\u00fc s\u0131cac\u0131k tutan kulaklar\u0131 koruyan su ge\u00e7irmez k\u0131z \u00e7ocuk bere i\u00e7i k\u00fcrkl\u00fc s\u0131cac\u0131k tutan su ge\u00e7irmez&hellip;<\/p>","protected":false},"featured_media":7389,"template":"","meta":[],"product_brand":[],"product_cat":[15,981,935],"product_tag":[],"class_list":{"0":"post-7393","1":"product","2":"type-product","3":"status-publish","4":"has-post-thumbnail","6":"product_cat-genel","7":"product_cat-bere-atki-eldiven","8":"product_cat-kizcocuk","10":"first","11":"instock","12":"taxable","13":"shipping-taxable","14":"purchasable","15":"product-type-simple"},"_links":{"self":[{"href":"https:\/\/petityu.com\/en\/wp-json\/wp\/v2\/product\/7393","targetHints":{"allow":["GET"]}}],"collection":[{"href":"https:\/\/petityu.com\/en\/wp-json\/wp\/v2\/product"}],"about":[{"href":"https:\/\/petityu.com\/en\/wp-json\/wp\/v2\/types\/product"}],"wp:featuredmedia":[{"embeddable":true,"href":"https:\/\/petityu.com\/en\/wp-json\/wp\/v2\/media\/7389"}],"wp:attachment":[{"href":"https:\/\/petityu.com\/en\/wp-json\/wp\/v2\/media?parent=7393"}],"wp:term":[{"taxonomy":"product_brand","embeddable":true,"href":"https:\/\/petityu.com\/en\/wp-json\/wp\/v2\/product_brand?post=7393"},{"taxonomy":"product_cat","embeddable":true,"href":"https:\/\/petityu.com\/en\/wp-json\/wp\/v2\/product_cat?post=7393"},{"taxonomy":"product_tag","embeddable":true,"href":"https:\/\/petityu.com\/en\/wp-json\/wp\/v2\/product_tag?post=7393"}],"curies":[{"name":"wp","href":"https:\/\/api.w.org\/{rel}","templated":true}]}}