{"id":7398,"date":"2024-09-19T16:55:52","date_gmt":"2024-09-19T13:55:52","guid":{"rendered":"https:\/\/petityu.com\/sugecirmez-kiz-cocuk-bere-eldiven-set-mint-ustu-pembe-flamingo-desenli-kayak-snowbord\/"},"modified":"2026-01-19T00:52:38","modified_gmt":"2026-01-18T21:52:38","slug":"sugecirmez-kiz-cocuk-bere-eldiven-set-mint-ustu-pembe-flamingo-desenli-kayak-snowbord","status":"publish","type":"product","link":"https:\/\/petityu.com\/en\/sugecirmez-kiz-cocuk-bere-eldiven-set-mint-ustu-pembe-flamingo-desenli-kayak-snowbord\/","title":{"rendered":"Petityu Su Ge\u00e7irmez K\u0131z \u00c7ocuk Bere Eldiven Set Mint \u00dcst\u00fc Pembe Flamingo Desenli Kayak Snowbord 2-4 Ya\u015f"},"content":{"rendered":"<p>i&ccedil;i k&uuml;rkl&uuml; su ge&ccedil;irmez bere ve eldiven set i&ccedil;i k&uuml;rkl&uuml; s\u0131cac\u0131k tutan kulaklar\u0131 koruyan su ge&ccedil;irmez k\u0131z &ccedil;ocuk bere i.i k&uuml;rkl&uuml; s\u0131cac\u0131k tutan su ge&ccedil;irmez eldiven Kayak- snowboard eldiveni G&uuml;nl&uuml;k de kullan\u0131labilir<\/p>","protected":false},"excerpt":{"rendered":"<p>i&ccedil;i k&uuml;rkl&uuml; su ge&ccedil;irmez bere ve eldiven set i&ccedil;i k&uuml;rkl&uuml; s\u0131cac\u0131k tutan kulaklar\u0131 koruyan su ge&ccedil;irmez k\u0131z &ccedil;ocuk bere i.i k&uuml;rkl&uuml; s\u0131cac\u0131k tutan su ge&ccedil;irmez&hellip;<\/p>","protected":false},"featured_media":7394,"template":"","meta":[],"product_brand":[],"product_cat":[981,15,935],"product_tag":[],"class_list":{"0":"post-7398","1":"product","2":"type-product","3":"status-publish","4":"has-post-thumbnail","6":"product_cat-bere-atki-eldiven","7":"product_cat-genel","8":"product_cat-kizcocuk","10":"first","11":"outofstock","12":"taxable","13":"shipping-taxable","14":"purchasable","15":"product-type-simple"},"_links":{"self":[{"href":"https:\/\/petityu.com\/en\/wp-json\/wp\/v2\/product\/7398","targetHints":{"allow":["GET"]}}],"collection":[{"href":"https:\/\/petityu.com\/en\/wp-json\/wp\/v2\/product"}],"about":[{"href":"https:\/\/petityu.com\/en\/wp-json\/wp\/v2\/types\/product"}],"wp:featuredmedia":[{"embeddable":true,"href":"https:\/\/petityu.com\/en\/wp-json\/wp\/v2\/media\/7394"}],"wp:attachment":[{"href":"https:\/\/petityu.com\/en\/wp-json\/wp\/v2\/media?parent=7398"}],"wp:term":[{"taxonomy":"product_brand","embeddable":true,"href":"https:\/\/petityu.com\/en\/wp-json\/wp\/v2\/product_brand?post=7398"},{"taxonomy":"product_cat","embeddable":true,"href":"https:\/\/petityu.com\/en\/wp-json\/wp\/v2\/product_cat?post=7398"},{"taxonomy":"product_tag","embeddable":true,"href":"https:\/\/petityu.com\/en\/wp-json\/wp\/v2\/product_tag?post=7398"}],"curies":[{"name":"wp","href":"https:\/\/api.w.org\/{rel}","templated":true}]}}