{"id":7400,"date":"2024-09-19T16:56:09","date_gmt":"2024-09-19T13:56:09","guid":{"rendered":"https:\/\/petityu.com\/kuzu-patik-kaydirmaz-kolay-giydirilen-sicacik-tutan-ev-terligi-9-18-ay\/"},"modified":"2026-04-09T15:55:31","modified_gmt":"2026-04-09T12:55:31","slug":"kuzu-patik-kaydirmaz-kolay-giydirilen-sicacik-tutan-ev-terligi-9-18-ay","status":"publish","type":"product","link":"https:\/\/petityu.com\/en\/kuzu-patik-kaydirmaz-kolay-giydirilen-sicacik-tutan-ev-terligi-9-18-ay\/","title":{"rendered":"Petityu Kuzu Patik Kayd\u0131rmaz Kolay Giydirilen S\u0131cac\u0131k Tutan Ev Terli\u011fi 9-18 ay"},"content":{"rendered":"<p>9-18 ay uyumlu terlik kayd\u0131rmaz taban<\/p>","protected":false},"excerpt":{"rendered":"<p>9-18 ay uyumlu terlik kayd\u0131rmaz taban<\/p>","protected":false},"featured_media":7399,"template":"","meta":[],"product_brand":[],"product_cat":[15,936,994],"product_tag":[],"class_list":{"0":"post-7400","1":"product","2":"type-product","3":"status-publish","4":"has-post-thumbnail","6":"product_cat-genel","7":"product_cat-erkekcocuk","8":"product_cat-patik-terlik-okul-evpanduf","10":"first","11":"instock","12":"taxable","13":"shipping-taxable","14":"purchasable","15":"product-type-simple"},"_links":{"self":[{"href":"https:\/\/petityu.com\/en\/wp-json\/wp\/v2\/product\/7400","targetHints":{"allow":["GET"]}}],"collection":[{"href":"https:\/\/petityu.com\/en\/wp-json\/wp\/v2\/product"}],"about":[{"href":"https:\/\/petityu.com\/en\/wp-json\/wp\/v2\/types\/product"}],"wp:featuredmedia":[{"embeddable":true,"href":"https:\/\/petityu.com\/en\/wp-json\/wp\/v2\/media\/7399"}],"wp:attachment":[{"href":"https:\/\/petityu.com\/en\/wp-json\/wp\/v2\/media?parent=7400"}],"wp:term":[{"taxonomy":"product_brand","embeddable":true,"href":"https:\/\/petityu.com\/en\/wp-json\/wp\/v2\/product_brand?post=7400"},{"taxonomy":"product_cat","embeddable":true,"href":"https:\/\/petityu.com\/en\/wp-json\/wp\/v2\/product_cat?post=7400"},{"taxonomy":"product_tag","embeddable":true,"href":"https:\/\/petityu.com\/en\/wp-json\/wp\/v2\/product_tag?post=7400"}],"curies":[{"name":"wp","href":"https:\/\/api.w.org\/{rel}","templated":true}]}}